{"id":3655,"date":"2022-12-06T10:19:09","date_gmt":"2022-12-06T09:19:09","guid":{"rendered":"https:\/\/dwojak-biocleaning.dk\/gallery\/"},"modified":"2023-06-23T14:05:36","modified_gmt":"2023-06-23T12:05:36","slug":"gallery","status":"publish","type":"page","link":"https:\/\/dwojak-biocleaning.webserver2.dk\/en\/gallery\/","title":{"rendered":"Gallery"},"content":{"rendered":"<section class=\"wpb-content-wrapper\"><p>[vc_row full_width=&#8221;stretch_row&#8221;][vc_column]<div class=\"ult-spacer spacer-6a06f1fc693de\" data-id=\"6a06f1fc693de\" data-height=\"90\" data-height-mobile=\"60\" data-height-tab=\"90\" data-height-tab-portrait=\"60\" data-height-mobile-landscape=\"60\" style=\"clear:both;display:block;\"><\/div>[vc_column_text]<\/p>\n<h1 style=\"text-align: center;\">Gallery<\/h1>\n<p>[\/vc_column_text][vc_empty_space height=&#8221;30px&#8221;][vc_row_inner][vc_column_inner width=&#8221;1\/2&#8243;][twenty20 img1=&#8221;3559&#8243; img2=&#8221;3561&#8243; before=&#8221;F\u00f8r&#8221; after=&#8221;Efter&#8221;]<div class=\"ult-spacer spacer-6a06f1fc69431\" data-id=\"6a06f1fc69431\" data-height=\"0\" data-height-mobile=\"30\" data-height-tab=\"0\" data-height-tab-portrait=\"0\" data-height-mobile-landscape=\"30\" style=\"clear:both;display:block;\"><\/div>[\/vc_column_inner][vc_column_inner width=&#8221;1\/2&#8243;][twenty20 img1=&#8221;3563&#8243; img2=&#8221;3565&#8243; before=&#8221;F\u00f8r&#8221; after=&#8221;Efter&#8221;][\/vc_column_inner][\/vc_row_inner]<div class=\"ult-spacer spacer-6a06f1fc69462\" data-id=\"6a06f1fc69462\" data-height=\"60\" data-height-mobile=\"30\" data-height-tab=\"60\" data-height-tab-portrait=\"30\" data-height-mobile-landscape=\"30\" style=\"clear:both;display:block;\"><\/div>[vc_row_inner][vc_column_inner width=&#8221;1\/2&#8243;][twenty20 img1=&#8221;3567&#8243; img2=&#8221;3569&#8243; before=&#8221;F\u00f8r&#8221; after=&#8221;Efter&#8221;]<div class=\"ult-spacer spacer-6a06f1fc69485\" data-id=\"6a06f1fc69485\" data-height=\"0\" data-height-mobile=\"30\" data-height-tab=\"0\" data-height-tab-portrait=\"0\" data-height-mobile-landscape=\"30\" style=\"clear:both;display:block;\"><\/div>[\/vc_column_inner][vc_column_inner width=&#8221;1\/2&#8243;][twenty20 img1=&#8221;3571&#8243; img2=&#8221;3573&#8243; before=&#8221;F\u00f8r&#8221; after=&#8221;Efter&#8221;][\/vc_column_inner][\/vc_row_inner]<div class=\"ult-spacer spacer-6a06f1fc694aa\" data-id=\"6a06f1fc694aa\" data-height=\"60\" data-height-mobile=\"30\" data-height-tab=\"60\" data-height-tab-portrait=\"30\" data-height-mobile-landscape=\"30\" style=\"clear:both;display:block;\"><\/div>[vc_column_text]<\/p>\n<h3>Home cleaning<\/h3>\n<p>[\/vc_column_text][vc_empty_space height=&#8221;30px&#8221;][vc_media_grid element_width=&#8221;3&#8243; gap=&#8221;20&#8243; grid_id=&#8221;vc_gid:1687521921081-025550b5-507a-8&#8243; include=&#8221;3575,3577&#8243;]<div class=\"ult-spacer spacer-6a06f1fc694c9\" data-id=\"6a06f1fc694c9\" data-height=\"90\" data-height-mobile=\"60\" data-height-tab=\"90\" data-height-tab-portrait=\"60\" data-height-mobile-landscape=\"60\" style=\"clear:both;display:block;\"><\/div>[\/vc_column][\/vc_row][vc_row full_width=&#8221;stretch_row&#8221; el_class=&#8221;overlay white cta parallax&#8221; css=&#8221;.vc_custom_1683791893914{background-image: url(https:\/\/dwojak-biocleaning.dk\/wp-content\/uploads\/2023\/05\/istock-1308051053.jpg?id=3508) !important;background-position: center !important;background-repeat: no-repeat !important;background-size: cover !important;}&#8221;][vc_column]<div class=\"ult-spacer spacer-6a06f1fc694e6\" data-id=\"6a06f1fc694e6\" data-height=\"90\" data-height-mobile=\"60\" data-height-tab=\"90\" data-height-tab-portrait=\"60\" data-height-mobile-landscape=\"60\" style=\"clear:both;display:block;\"><\/div>[vc_row_inner][vc_column_inner width=&#8221;5\/6&#8243; offset=&#8221;vc_col-lg-6 vc_col-md-8 vc_col-xs-12&#8243;][vc_column_text]<\/p>\n<h3>Do you have any questions?<\/h3>\n<p>We&#8217;re here to answer any questions you may have that aren&#8217;t answered on this website. So don&#8217;t hesitate to call or write to us. We&#8217;re happy to have a no-obligation chat with you about your plans.[\/vc_column_text][vc_empty_space height=&#8221;30px&#8221;][vc_raw_html]JTVCZm9ybWluYXRvcl9mb3JtJTIwaWQlM0QlMjIzNzAyJTIyJTVE[\/vc_raw_html][\/vc_column_inner][vc_column_inner width=&#8221;1\/6&#8243; offset=&#8221;vc_col-lg-6 vc_col-md-4 vc_col-xs-12&#8243;][\/vc_column_inner][\/vc_row_inner]<div class=\"ult-spacer spacer-6a06f1fc69503\" data-id=\"6a06f1fc69503\" data-height=\"90\" data-height-mobile=\"60\" data-height-tab=\"90\" data-height-tab-portrait=\"60\" data-height-mobile-landscape=\"60\" style=\"clear:both;display:block;\"><\/div>[\/vc_column][\/vc_row]<\/p>\n<\/section>","protected":false},"excerpt":{"rendered":"<p>[vc_row full_width=&#8221;stretch_row&#8221;][vc_column][vc_column_text] Gallery [\/vc_column_text][vc_empty_space height=&#8221;30px&#8221;][vc_row_inner][vc_column_inner width=&#8221;1\/2&#8243;][twenty20 img1=&#8221;3559&#8243; img2=&#8221;3561&#8243; before=&#8221;F\u00f8r&#8221; after=&#8221;Efter&#8221;][\/vc_column_inner][vc_column_inner width=&#8221;1\/2&#8243;][twenty20 img1=&#8221;3563&#8243; img2=&#8221;3565&#8243; before=&#8221;F\u00f8r&#8221; after=&#8221;Efter&#8221;][\/vc_column_inner][\/vc_row_inner][vc_row_inner][vc_column_inner width=&#8221;1\/2&#8243;][twenty20 img1=&#8221;3567&#8243; img2=&#8221;3569&#8243; before=&#8221;F\u00f8r&#8221; after=&#8221;Efter&#8221;][\/vc_column_inner][vc_column_inner width=&#8221;1\/2&#8243;][twenty20 img1=&#8221;3571&#8243; img2=&#8221;3573&#8243; before=&#8221;F\u00f8r&#8221; after=&#8221;Efter&#8221;][\/vc_column_inner][\/vc_row_inner][vc_column_text] Home cleaning [\/vc_column_text][vc_empty_space height=&#8221;30px&#8221;][vc_media_grid element_width=&#8221;3&#8243; gap=&#8221;20&#8243; grid_id=&#8221;vc_gid:1687521921081-025550b5-507a-8&#8243; include=&#8221;3575,3577&#8243;][\/vc_column][\/vc_row][vc_row full_width=&#8221;stretch_row&#8221; el_class=&#8221;overlay white cta parallax&#8221; css=&#8221;.vc_custom_1683791893914{background-image: url(https:\/\/dwojak-biocleaning.dk\/wp-content\/uploads\/2023\/05\/istock-1308051053.jpg?id=3508) !important;background-position: center !important;background-repeat: no-repeat !important;background-size: cover !important;}&#8221;][vc_column][vc_row_inner][vc_column_inner width=&#8221;5\/6&#8243; offset=&#8221;vc_col-lg-6 vc_col-md-8 vc_col-xs-12&#8243;][vc_column_text] Do you have any &#8230; <a title=\"Gallery\" class=\"read-more\" href=\"https:\/\/dwojak-biocleaning.webserver2.dk\/en\/gallery\/\" aria-label=\"More on Gallery\">Read more<\/a><\/p>\n","protected":false},"author":1,"featured_media":0,"parent":0,"menu_order":6,"comment_status":"closed","ping_status":"closed","template":"","meta":{"footnotes":""},"categories":[],"class_list":["post-3655","page","type-page","status-publish"],"yoast_head":"<!-- This site is optimized with the Yoast SEO plugin v27.4 - https:\/\/yoast.com\/product\/yoast-seo-wordpress\/ -->\n<title>Gallery &#183; Dwojak Bio-Cleaning<\/title>\n<meta name=\"robots\" content=\"noindex, follow, max-snippet:-1, max-image-preview:large, max-video-preview:-1\" \/>\n<meta property=\"og:locale\" content=\"en_US\" \/>\n<meta property=\"og:type\" content=\"article\" \/>\n<meta property=\"og:title\" content=\"Gallery &#183; Dwojak Bio-Cleaning\" \/>\n<meta property=\"og:description\" content=\"[vc_row full_width=&#8221;stretch_row&#8221;][vc_column][vc_column_text] Gallery [\/vc_column_text][vc_empty_space height=&#8221;30px&#8221;][vc_row_inner][vc_column_inner width=&#8221;1\/2&#8243;][twenty20 img1=&#8221;3559&#8243; img2=&#8221;3561&#8243; before=&#8221;F\u00f8r&#8221; after=&#8221;Efter&#8221;][\/vc_column_inner][vc_column_inner width=&#8221;1\/2&#8243;][twenty20 img1=&#8221;3563&#8243; img2=&#8221;3565&#8243; before=&#8221;F\u00f8r&#8221; after=&#8221;Efter&#8221;][\/vc_column_inner][\/vc_row_inner][vc_row_inner][vc_column_inner width=&#8221;1\/2&#8243;][twenty20 img1=&#8221;3567&#8243; img2=&#8221;3569&#8243; before=&#8221;F\u00f8r&#8221; after=&#8221;Efter&#8221;][\/vc_column_inner][vc_column_inner width=&#8221;1\/2&#8243;][twenty20 img1=&#8221;3571&#8243; img2=&#8221;3573&#8243; before=&#8221;F\u00f8r&#8221; after=&#8221;Efter&#8221;][\/vc_column_inner][\/vc_row_inner][vc_column_text] Home cleaning [\/vc_column_text][vc_empty_space height=&#8221;30px&#8221;][vc_media_grid element_width=&#8221;3&#8243; gap=&#8221;20&#8243; grid_id=&#8221;vc_gid:1687521921081-025550b5-507a-8&#8243; include=&#8221;3575,3577&#8243;][\/vc_column][\/vc_row][vc_row full_width=&#8221;stretch_row&#8221; el_class=&#8221;overlay white cta parallax&#8221; css=&#8221;.vc_custom_1683791893914{background-image: url(https:\/\/dwojak-biocleaning.dk\/wp-content\/uploads\/2023\/05\/istock-1308051053.jpg?id=3508) !important;background-position: center !important;background-repeat: no-repeat !important;background-size: cover !important;}&#8221;][vc_column][vc_row_inner][vc_column_inner width=&#8221;5\/6&#8243; offset=&#8221;vc_col-lg-6 vc_col-md-8 vc_col-xs-12&#8243;][vc_column_text] Do you have any ... Read more\" \/>\n<meta property=\"og:url\" content=\"https:\/\/dwojak-biocleaning.webserver2.dk\/en\/gallery\/\" \/>\n<meta property=\"og:site_name\" content=\"Dwojak Bio-Cleaning\" \/>\n<meta property=\"article:modified_time\" content=\"2023-06-23T12:05:36+00:00\" \/>\n<meta name=\"twitter:card\" content=\"summary_large_image\" \/>\n<meta name=\"twitter:label1\" content=\"Est. reading time\" \/>\n\t<meta name=\"twitter:data1\" content=\"1 minute\" \/>\n<script type=\"application\/ld+json\" class=\"yoast-schema-graph\">{\"@context\":\"https:\\\/\\\/schema.org\",\"@graph\":[{\"@type\":\"WebPage\",\"@id\":\"https:\\\/\\\/dwojak-biocleaning.webserver2.dk\\\/en\\\/gallery\\\/\",\"url\":\"https:\\\/\\\/dwojak-biocleaning.webserver2.dk\\\/en\\\/gallery\\\/\",\"name\":\"Gallery &#183; Dwojak Bio-Cleaning\",\"isPartOf\":{\"@id\":\"https:\\\/\\\/dwojak-biocleaning.webserver2.dk\\\/en\\\/#website\"},\"datePublished\":\"2022-12-06T09:19:09+00:00\",\"dateModified\":\"2023-06-23T12:05:36+00:00\",\"breadcrumb\":{\"@id\":\"https:\\\/\\\/dwojak-biocleaning.webserver2.dk\\\/en\\\/gallery\\\/#breadcrumb\"},\"inLanguage\":\"en-US\",\"potentialAction\":[{\"@type\":\"ReadAction\",\"target\":[\"https:\\\/\\\/dwojak-biocleaning.webserver2.dk\\\/en\\\/gallery\\\/\"]}]},{\"@type\":\"BreadcrumbList\",\"@id\":\"https:\\\/\\\/dwojak-biocleaning.webserver2.dk\\\/en\\\/gallery\\\/#breadcrumb\",\"itemListElement\":[{\"@type\":\"ListItem\",\"position\":1,\"name\":\"Hjem\",\"item\":\"https:\\\/\\\/dwojak-biocleaning.webserver2.dk\\\/en\\\/\"},{\"@type\":\"ListItem\",\"position\":2,\"name\":\"Gallery\"}]},{\"@type\":\"WebSite\",\"@id\":\"https:\\\/\\\/dwojak-biocleaning.webserver2.dk\\\/en\\\/#website\",\"url\":\"https:\\\/\\\/dwojak-biocleaning.webserver2.dk\\\/en\\\/\",\"name\":\"Dwojak Bio-Cleaning\",\"description\":\"Dwojak Bio-Cleaning tilbyder vinduespudsning, h\u00e5ndv\u00e6rkerreng\u00f8ring og reng\u00f8ring\",\"publisher\":{\"@id\":\"https:\\\/\\\/dwojak-biocleaning.webserver2.dk\\\/en\\\/#organization\"},\"potentialAction\":[{\"@type\":\"SearchAction\",\"target\":{\"@type\":\"EntryPoint\",\"urlTemplate\":\"https:\\\/\\\/dwojak-biocleaning.webserver2.dk\\\/en\\\/?s={search_term_string}\"},\"query-input\":{\"@type\":\"PropertyValueSpecification\",\"valueRequired\":true,\"valueName\":\"search_term_string\"}}],\"inLanguage\":\"en-US\"},{\"@type\":\"Organization\",\"@id\":\"https:\\\/\\\/dwojak-biocleaning.webserver2.dk\\\/en\\\/#organization\",\"name\":\"Dwojak Bio-Cleaning\",\"url\":\"https:\\\/\\\/dwojak-biocleaning.webserver2.dk\\\/en\\\/\",\"logo\":{\"@type\":\"ImageObject\",\"inLanguage\":\"en-US\",\"@id\":\"https:\\\/\\\/dwojak-biocleaning.webserver2.dk\\\/en\\\/#\\\/schema\\\/logo\\\/image\\\/\",\"url\":\"https:\\\/\\\/dwojak-biocleaning.webserver2.dk\\\/wp-content\\\/uploads\\\/2023\\\/05\\\/logo.svg\",\"contentUrl\":\"https:\\\/\\\/dwojak-biocleaning.webserver2.dk\\\/wp-content\\\/uploads\\\/2023\\\/05\\\/logo.svg\",\"width\":1101,\"height\":871,\"caption\":\"Dwojak Bio-Cleaning\"},\"image\":{\"@id\":\"https:\\\/\\\/dwojak-biocleaning.webserver2.dk\\\/en\\\/#\\\/schema\\\/logo\\\/image\\\/\"}}]}<\/script>\n<!-- \/ Yoast SEO plugin. -->","yoast_head_json":{"title":"Gallery &#183; Dwojak Bio-Cleaning","robots":{"index":"noindex","follow":"follow","max-snippet":"max-snippet:-1","max-image-preview":"max-image-preview:large","max-video-preview":"max-video-preview:-1"},"og_locale":"en_US","og_type":"article","og_title":"Gallery &#183; Dwojak Bio-Cleaning","og_description":"[vc_row full_width=&#8221;stretch_row&#8221;][vc_column][vc_column_text] Gallery [\/vc_column_text][vc_empty_space height=&#8221;30px&#8221;][vc_row_inner][vc_column_inner width=&#8221;1\/2&#8243;][twenty20 img1=&#8221;3559&#8243; img2=&#8221;3561&#8243; before=&#8221;F\u00f8r&#8221; after=&#8221;Efter&#8221;][\/vc_column_inner][vc_column_inner width=&#8221;1\/2&#8243;][twenty20 img1=&#8221;3563&#8243; img2=&#8221;3565&#8243; before=&#8221;F\u00f8r&#8221; after=&#8221;Efter&#8221;][\/vc_column_inner][\/vc_row_inner][vc_row_inner][vc_column_inner width=&#8221;1\/2&#8243;][twenty20 img1=&#8221;3567&#8243; img2=&#8221;3569&#8243; before=&#8221;F\u00f8r&#8221; after=&#8221;Efter&#8221;][\/vc_column_inner][vc_column_inner width=&#8221;1\/2&#8243;][twenty20 img1=&#8221;3571&#8243; img2=&#8221;3573&#8243; before=&#8221;F\u00f8r&#8221; after=&#8221;Efter&#8221;][\/vc_column_inner][\/vc_row_inner][vc_column_text] Home cleaning [\/vc_column_text][vc_empty_space height=&#8221;30px&#8221;][vc_media_grid element_width=&#8221;3&#8243; gap=&#8221;20&#8243; grid_id=&#8221;vc_gid:1687521921081-025550b5-507a-8&#8243; include=&#8221;3575,3577&#8243;][\/vc_column][\/vc_row][vc_row full_width=&#8221;stretch_row&#8221; el_class=&#8221;overlay white cta parallax&#8221; css=&#8221;.vc_custom_1683791893914{background-image: url(https:\/\/dwojak-biocleaning.dk\/wp-content\/uploads\/2023\/05\/istock-1308051053.jpg?id=3508) !important;background-position: center !important;background-repeat: no-repeat !important;background-size: cover !important;}&#8221;][vc_column][vc_row_inner][vc_column_inner width=&#8221;5\/6&#8243; offset=&#8221;vc_col-lg-6 vc_col-md-8 vc_col-xs-12&#8243;][vc_column_text] Do you have any ... Read more","og_url":"https:\/\/dwojak-biocleaning.webserver2.dk\/en\/gallery\/","og_site_name":"Dwojak Bio-Cleaning","article_modified_time":"2023-06-23T12:05:36+00:00","twitter_card":"summary_large_image","twitter_misc":{"Est. reading time":"1 minute"},"schema":{"@context":"https:\/\/schema.org","@graph":[{"@type":"WebPage","@id":"https:\/\/dwojak-biocleaning.webserver2.dk\/en\/gallery\/","url":"https:\/\/dwojak-biocleaning.webserver2.dk\/en\/gallery\/","name":"Gallery &#183; Dwojak Bio-Cleaning","isPartOf":{"@id":"https:\/\/dwojak-biocleaning.webserver2.dk\/en\/#website"},"datePublished":"2022-12-06T09:19:09+00:00","dateModified":"2023-06-23T12:05:36+00:00","breadcrumb":{"@id":"https:\/\/dwojak-biocleaning.webserver2.dk\/en\/gallery\/#breadcrumb"},"inLanguage":"en-US","potentialAction":[{"@type":"ReadAction","target":["https:\/\/dwojak-biocleaning.webserver2.dk\/en\/gallery\/"]}]},{"@type":"BreadcrumbList","@id":"https:\/\/dwojak-biocleaning.webserver2.dk\/en\/gallery\/#breadcrumb","itemListElement":[{"@type":"ListItem","position":1,"name":"Hjem","item":"https:\/\/dwojak-biocleaning.webserver2.dk\/en\/"},{"@type":"ListItem","position":2,"name":"Gallery"}]},{"@type":"WebSite","@id":"https:\/\/dwojak-biocleaning.webserver2.dk\/en\/#website","url":"https:\/\/dwojak-biocleaning.webserver2.dk\/en\/","name":"Dwojak Bio-Cleaning","description":"Dwojak Bio-Cleaning tilbyder vinduespudsning, h\u00e5ndv\u00e6rkerreng\u00f8ring og reng\u00f8ring","publisher":{"@id":"https:\/\/dwojak-biocleaning.webserver2.dk\/en\/#organization"},"potentialAction":[{"@type":"SearchAction","target":{"@type":"EntryPoint","urlTemplate":"https:\/\/dwojak-biocleaning.webserver2.dk\/en\/?s={search_term_string}"},"query-input":{"@type":"PropertyValueSpecification","valueRequired":true,"valueName":"search_term_string"}}],"inLanguage":"en-US"},{"@type":"Organization","@id":"https:\/\/dwojak-biocleaning.webserver2.dk\/en\/#organization","name":"Dwojak Bio-Cleaning","url":"https:\/\/dwojak-biocleaning.webserver2.dk\/en\/","logo":{"@type":"ImageObject","inLanguage":"en-US","@id":"https:\/\/dwojak-biocleaning.webserver2.dk\/en\/#\/schema\/logo\/image\/","url":"https:\/\/dwojak-biocleaning.webserver2.dk\/wp-content\/uploads\/2023\/05\/logo.svg","contentUrl":"https:\/\/dwojak-biocleaning.webserver2.dk\/wp-content\/uploads\/2023\/05\/logo.svg","width":1101,"height":871,"caption":"Dwojak Bio-Cleaning"},"image":{"@id":"https:\/\/dwojak-biocleaning.webserver2.dk\/en\/#\/schema\/logo\/image\/"}}]}},"_links":{"self":[{"href":"https:\/\/dwojak-biocleaning.webserver2.dk\/en\/wp-json\/wp\/v2\/pages\/3655","targetHints":{"allow":["GET"]}}],"collection":[{"href":"https:\/\/dwojak-biocleaning.webserver2.dk\/en\/wp-json\/wp\/v2\/pages"}],"about":[{"href":"https:\/\/dwojak-biocleaning.webserver2.dk\/en\/wp-json\/wp\/v2\/types\/page"}],"author":[{"embeddable":true,"href":"https:\/\/dwojak-biocleaning.webserver2.dk\/en\/wp-json\/wp\/v2\/users\/1"}],"replies":[{"embeddable":true,"href":"https:\/\/dwojak-biocleaning.webserver2.dk\/en\/wp-json\/wp\/v2\/comments?post=3655"}],"version-history":[{"count":12,"href":"https:\/\/dwojak-biocleaning.webserver2.dk\/en\/wp-json\/wp\/v2\/pages\/3655\/revisions"}],"predecessor-version":[{"id":3706,"href":"https:\/\/dwojak-biocleaning.webserver2.dk\/en\/wp-json\/wp\/v2\/pages\/3655\/revisions\/3706"}],"wp:attachment":[{"href":"https:\/\/dwojak-biocleaning.webserver2.dk\/en\/wp-json\/wp\/v2\/media?parent=3655"}],"wp:term":[{"taxonomy":"category","embeddable":true,"href":"https:\/\/dwojak-biocleaning.webserver2.dk\/en\/wp-json\/wp\/v2\/categories?post=3655"}],"curies":[{"name":"wp","href":"https:\/\/api.w.org\/{rel}","templated":true}]}}