{"id":3666,"date":"2022-12-08T08:10:30","date_gmt":"2022-12-08T07:10:30","guid":{"rendered":"https:\/\/dwojak-biocleaning.dk\/cleaning-the-air-bnb\/"},"modified":"2023-06-23T14:09:41","modified_gmt":"2023-06-23T12:09:41","slug":"cleaning-the-air-bnb","status":"publish","type":"page","link":"https:\/\/dwojak-biocleaning.webserver2.dk\/en\/cleaning-the-air-bnb\/","title":{"rendered":"Cleaning the Air BNB"},"content":{"rendered":"<section class=\"wpb-content-wrapper\"><p>[vc_row full_width=&#8221;stretch_row&#8221;][vc_column]<div class=\"ult-spacer spacer-6a06fdba38f60\" data-id=\"6a06fdba38f60\" data-height=\"90\" data-height-mobile=\"60\" data-height-tab=\"90\" data-height-tab-portrait=\"60\" data-height-mobile-landscape=\"60\" style=\"clear:both;display:block;\"><\/div>[vc_column_text]<\/p>\n<h1>Air BNB cleaning Copenhagen<\/h1>\n<p>[\/vc_column_text][vc_empty_space height=&#8221;15px&#8221;][vc_separator][vc_empty_space height=&#8221;15px&#8221;][vc_row_inner][vc_column_inner width=&#8221;1\/2&#8243;][vc_column_text]For those of you looking for a quality-conscious and stable partner to take care of your rental goals. Whether it&#8217;s a single or multiple homes, Dwojak Bio-Cleaning is dedicated to delivering a top-class biological cleaning service.<\/p>\n<p>&nbsp;<\/p>\n<h3>Clean tenancy &#8211; happy guests<\/h3>\n<p>Cleanliness, tidiness and maintenance are some of the basic things guests look for when renting a property at AIR BNB. Many associate AIR BNB with a certain quaility and standard of their rental targets and why shouldn&#8217;t you triumph in that ranking?<\/p>\n<p>&nbsp;<\/p>\n<h3>Gentle products<\/h3>\n<p>With our ultra-gentle bio-friendly products, we take good care of your inventory and deliver a cleaning result that your customers will appreciate when they arrive at their rental property.<\/p>\n<p>&nbsp;<\/p>\n<h3>Air BNB cleaning Copenhagen &#8211; This service includes:<\/h3>\n<ul>\n<li>Dusting of all surfaces<\/li>\n<li>Wiping all surfaces<\/li>\n<li>Vacuuming and floor cleaning<\/li>\n<li>Cleaning of food\/drink service<\/li>\n<li>Refilling cleaning products hand soap shampoo body soap towels<\/li>\n<li>Refrigerator cleaning<\/li>\n<li>Cleaning drawers\/cabinets<\/li>\n<li>Emptying waste<\/li>\n<li>Washing towels\/linens and preparing beds for the booked number of guests.<\/li>\n<\/ul>\n<p>[\/vc_column_text]<div class=\"ult-spacer spacer-6a06fdba38fb0\" data-id=\"6a06fdba38fb0\" data-height=\"0\" data-height-mobile=\"15\" data-height-tab=\"0\" data-height-tab-portrait=\"0\" data-height-mobile-landscape=\"15\" style=\"clear:both;display:block;\"><\/div>[\/vc_column_inner][vc_column_inner width=&#8221;1\/2&#8243;][vc_column_text]When it comes to lease maintenance, an offer based on specific wishes and needs can be prepared in collaboration with one of our professional advisors at Dwojak Bio-Cleaning.<\/p>\n<p>&nbsp;<\/p>\n<h3>Contact us about Air BNB cleaning<\/h3>\n<p>Want to learn more about Air BNB cleaning in Copenhagen? You can always call us on <a href=\"tel:91855809\">91 85 <\/a><a href=\"tel:91855809\">58 09<\/a> or send us an email at <a href=\"mailto:Dwojakcleaning@outlook.dk\">Dwojakcleaning@outlook.dk<\/a>. You are also welcome to fill out our contact form <a href=\"https:\/\/dwojak-biocleaning.dk\/en\/contact\/\">here<\/a>.[\/vc_column_text][\/vc_column_inner][\/vc_row_inner]<div class=\"ult-spacer spacer-6a06fdba38fd9\" data-id=\"6a06fdba38fd9\" data-height=\"90\" data-height-mobile=\"60\" data-height-tab=\"90\" data-height-tab-portrait=\"60\" data-height-mobile-landscape=\"60\" style=\"clear:both;display:block;\"><\/div>[vc_media_grid element_width=&#8221;3&#8243; gap=&#8221;20&#8243; grid_id=&#8221;vc_gid:1687522172512-111dc705-b9f2-9&#8243; include=&#8221;3520,3518,3514,3512&#8243;]<div class=\"ult-spacer spacer-6a06fdba38ffb\" data-id=\"6a06fdba38ffb\" data-height=\"90\" data-height-mobile=\"60\" data-height-tab=\"90\" data-height-tab-portrait=\"60\" data-height-mobile-landscape=\"60\" style=\"clear:both;display:block;\"><\/div>[\/vc_column][\/vc_row][vc_row full_width=&#8221;stretch_row&#8221; el_class=&#8221;overlay white cta parallax&#8221; css=&#8221;.vc_custom_1683790676829{background-image: url(https:\/\/dwojak-biocleaning.dk\/wp-content\/uploads\/2023\/05\/istock-1308051053.jpg?id=3508) !important;background-position: center !important;background-repeat: no-repeat !important;background-size: cover !important;}&#8221;][vc_column]<div class=\"ult-spacer spacer-6a06fdba3901a\" data-id=\"6a06fdba3901a\" data-height=\"90\" data-height-mobile=\"60\" data-height-tab=\"90\" data-height-tab-portrait=\"60\" data-height-mobile-landscape=\"60\" style=\"clear:both;display:block;\"><\/div>[vc_row_inner][vc_column_inner width=&#8221;5\/6&#8243; offset=&#8221;vc_col-lg-6 vc_col-md-8 vc_col-xs-12&#8243;][vc_column_text]<\/p>\n<h3>Do you have any questions?<\/h3>\n<p>We&#8217;re here to answer any questions you may have that aren&#8217;t answered on this website. So don&#8217;t hesitate to call or write to us. We&#8217;re happy to have a no-obligation chat with you about your plans.[\/vc_column_text][vc_empty_space height=&#8221;30px&#8221;][vc_raw_html]JTVCZm9ybWluYXRvcl9mb3JtJTIwaWQlM0QlMjIzNzAyJTIyJTVE[\/vc_raw_html][\/vc_column_inner][vc_column_inner width=&#8221;1\/6&#8243; offset=&#8221;vc_col-lg-6 vc_col-md-4 vc_col-xs-12&#8243;][\/vc_column_inner][\/vc_row_inner]<div class=\"ult-spacer spacer-6a06fdba39038\" data-id=\"6a06fdba39038\" data-height=\"90\" data-height-mobile=\"60\" data-height-tab=\"90\" data-height-tab-portrait=\"60\" data-height-mobile-landscape=\"60\" style=\"clear:both;display:block;\"><\/div>[\/vc_column][\/vc_row]<\/p>\n<\/section>","protected":false},"excerpt":{"rendered":"<p>[vc_row full_width=&#8221;stretch_row&#8221;][vc_column][vc_column_text] Air BNB cleaning Copenhagen [\/vc_column_text][vc_empty_space height=&#8221;15px&#8221;][vc_separator][vc_empty_space height=&#8221;15px&#8221;][vc_row_inner][vc_column_inner width=&#8221;1\/2&#8243;][vc_column_text]For those of you looking for a quality-conscious and stable partner to take care of your rental goals. Whether it&#8217;s a single or multiple homes, Dwojak Bio-Cleaning is dedicated to delivering a top-class biological cleaning service. &nbsp; Clean tenancy &#8211; happy guests Cleanliness, tidiness and maintenance &#8230; <a title=\"Cleaning the Air BNB\" class=\"read-more\" href=\"https:\/\/dwojak-biocleaning.webserver2.dk\/en\/cleaning-the-air-bnb\/\" aria-label=\"More on Cleaning the Air BNB\">Read more<\/a><\/p>\n","protected":false},"author":1,"featured_media":3589,"parent":0,"menu_order":8,"comment_status":"closed","ping_status":"closed","template":"","meta":{"footnotes":""},"categories":[],"class_list":["post-3666","page","type-page","status-publish","has-post-thumbnail"],"yoast_head":"<!-- This site is optimized with the Yoast SEO plugin v27.4 - https:\/\/yoast.com\/product\/yoast-seo-wordpress\/ -->\n<title>Air BNB cleaning Copenhagen &#183; Dwojak Bio-Cleaning %<\/title>\n<meta name=\"description\" content=\"Do you need Air BNB cleaning in Copenhagen? At %Dwojak Bio-Cleaning we solve all tasks related to Air BNB cleaning. Get in touch with us.\" \/>\n<meta name=\"robots\" content=\"noindex, follow, max-snippet:-1, max-image-preview:large, max-video-preview:-1\" \/>\n<meta property=\"og:locale\" content=\"en_US\" \/>\n<meta property=\"og:type\" content=\"article\" \/>\n<meta property=\"og:title\" content=\"Air BNB cleaning Copenhagen &#183; Dwojak Bio-Cleaning %\" \/>\n<meta property=\"og:description\" content=\"Do you need Air BNB cleaning in Copenhagen? At %Dwojak Bio-Cleaning we solve all tasks related to Air BNB cleaning. Get in touch with us.\" \/>\n<meta property=\"og:url\" content=\"https:\/\/dwojak-biocleaning.webserver2.dk\/en\/cleaning-the-air-bnb\/\" \/>\n<meta property=\"og:site_name\" content=\"Dwojak Bio-Cleaning\" \/>\n<meta property=\"article:modified_time\" content=\"2023-06-23T12:09:41+00:00\" \/>\n<meta property=\"og:image\" content=\"https:\/\/dwojak-biocleaning.webserver2.dk\/wp-content\/uploads\/2023\/05\/istock-1408980050.jpg\" \/>\n\t<meta property=\"og:image:width\" content=\"1254\" \/>\n\t<meta property=\"og:image:height\" content=\"836\" \/>\n\t<meta property=\"og:image:type\" content=\"image\/jpeg\" \/>\n<meta name=\"twitter:card\" content=\"summary_large_image\" \/>\n<meta name=\"twitter:label1\" content=\"Est. reading time\" \/>\n\t<meta name=\"twitter:data1\" content=\"2 minutes\" \/>\n<script type=\"application\/ld+json\" class=\"yoast-schema-graph\">{\"@context\":\"https:\\\/\\\/schema.org\",\"@graph\":[{\"@type\":\"WebPage\",\"@id\":\"https:\\\/\\\/dwojak-biocleaning.webserver2.dk\\\/en\\\/cleaning-the-air-bnb\\\/\",\"url\":\"https:\\\/\\\/dwojak-biocleaning.webserver2.dk\\\/en\\\/cleaning-the-air-bnb\\\/\",\"name\":\"Air BNB cleaning Copenhagen &#183; Dwojak Bio-Cleaning %\",\"isPartOf\":{\"@id\":\"https:\\\/\\\/dwojak-biocleaning.webserver2.dk\\\/en\\\/#website\"},\"primaryImageOfPage\":{\"@id\":\"https:\\\/\\\/dwojak-biocleaning.webserver2.dk\\\/en\\\/cleaning-the-air-bnb\\\/#primaryimage\"},\"image\":{\"@id\":\"https:\\\/\\\/dwojak-biocleaning.webserver2.dk\\\/en\\\/cleaning-the-air-bnb\\\/#primaryimage\"},\"thumbnailUrl\":\"https:\\\/\\\/dwojak-biocleaning.webserver2.dk\\\/wp-content\\\/uploads\\\/2023\\\/05\\\/istock-1408980050.jpg\",\"datePublished\":\"2022-12-08T07:10:30+00:00\",\"dateModified\":\"2023-06-23T12:09:41+00:00\",\"description\":\"Do you need Air BNB cleaning in Copenhagen? At %Dwojak Bio-Cleaning we solve all tasks related to Air BNB cleaning. Get in touch with us.\",\"breadcrumb\":{\"@id\":\"https:\\\/\\\/dwojak-biocleaning.webserver2.dk\\\/en\\\/cleaning-the-air-bnb\\\/#breadcrumb\"},\"inLanguage\":\"en-US\",\"potentialAction\":[{\"@type\":\"ReadAction\",\"target\":[\"https:\\\/\\\/dwojak-biocleaning.webserver2.dk\\\/en\\\/cleaning-the-air-bnb\\\/\"]}]},{\"@type\":\"ImageObject\",\"inLanguage\":\"en-US\",\"@id\":\"https:\\\/\\\/dwojak-biocleaning.webserver2.dk\\\/en\\\/cleaning-the-air-bnb\\\/#primaryimage\",\"url\":\"https:\\\/\\\/dwojak-biocleaning.webserver2.dk\\\/wp-content\\\/uploads\\\/2023\\\/05\\\/istock-1408980050.jpg\",\"contentUrl\":\"https:\\\/\\\/dwojak-biocleaning.webserver2.dk\\\/wp-content\\\/uploads\\\/2023\\\/05\\\/istock-1408980050.jpg\",\"width\":1254,\"height\":836,\"caption\":\"Cropped view of woman unloading laundry from white washing machine. Tulle cleansing. Cleaning service worker. Concept of purity. Housekeeping idea\"},{\"@type\":\"BreadcrumbList\",\"@id\":\"https:\\\/\\\/dwojak-biocleaning.webserver2.dk\\\/en\\\/cleaning-the-air-bnb\\\/#breadcrumb\",\"itemListElement\":[{\"@type\":\"ListItem\",\"position\":1,\"name\":\"Hjem\",\"item\":\"https:\\\/\\\/dwojak-biocleaning.webserver2.dk\\\/en\\\/\"},{\"@type\":\"ListItem\",\"position\":2,\"name\":\"Cleaning the Air BNB\"}]},{\"@type\":\"WebSite\",\"@id\":\"https:\\\/\\\/dwojak-biocleaning.webserver2.dk\\\/en\\\/#website\",\"url\":\"https:\\\/\\\/dwojak-biocleaning.webserver2.dk\\\/en\\\/\",\"name\":\"Dwojak Bio-Cleaning\",\"description\":\"Dwojak Bio-Cleaning tilbyder vinduespudsning, h\u00e5ndv\u00e6rkerreng\u00f8ring og reng\u00f8ring\",\"publisher\":{\"@id\":\"https:\\\/\\\/dwojak-biocleaning.webserver2.dk\\\/en\\\/#organization\"},\"potentialAction\":[{\"@type\":\"SearchAction\",\"target\":{\"@type\":\"EntryPoint\",\"urlTemplate\":\"https:\\\/\\\/dwojak-biocleaning.webserver2.dk\\\/en\\\/?s={search_term_string}\"},\"query-input\":{\"@type\":\"PropertyValueSpecification\",\"valueRequired\":true,\"valueName\":\"search_term_string\"}}],\"inLanguage\":\"en-US\"},{\"@type\":\"Organization\",\"@id\":\"https:\\\/\\\/dwojak-biocleaning.webserver2.dk\\\/en\\\/#organization\",\"name\":\"Dwojak Bio-Cleaning\",\"url\":\"https:\\\/\\\/dwojak-biocleaning.webserver2.dk\\\/en\\\/\",\"logo\":{\"@type\":\"ImageObject\",\"inLanguage\":\"en-US\",\"@id\":\"https:\\\/\\\/dwojak-biocleaning.webserver2.dk\\\/en\\\/#\\\/schema\\\/logo\\\/image\\\/\",\"url\":\"https:\\\/\\\/dwojak-biocleaning.webserver2.dk\\\/wp-content\\\/uploads\\\/2023\\\/05\\\/logo.svg\",\"contentUrl\":\"https:\\\/\\\/dwojak-biocleaning.webserver2.dk\\\/wp-content\\\/uploads\\\/2023\\\/05\\\/logo.svg\",\"width\":1101,\"height\":871,\"caption\":\"Dwojak Bio-Cleaning\"},\"image\":{\"@id\":\"https:\\\/\\\/dwojak-biocleaning.webserver2.dk\\\/en\\\/#\\\/schema\\\/logo\\\/image\\\/\"}}]}<\/script>\n<!-- \/ Yoast SEO plugin. -->","yoast_head_json":{"title":"Air BNB cleaning Copenhagen &#183; Dwojak Bio-Cleaning %","description":"Do you need Air BNB cleaning in Copenhagen? At %Dwojak Bio-Cleaning we solve all tasks related to Air BNB cleaning. Get in touch with us.","robots":{"index":"noindex","follow":"follow","max-snippet":"max-snippet:-1","max-image-preview":"max-image-preview:large","max-video-preview":"max-video-preview:-1"},"og_locale":"en_US","og_type":"article","og_title":"Air BNB cleaning Copenhagen &#183; Dwojak Bio-Cleaning %","og_description":"Do you need Air BNB cleaning in Copenhagen? At %Dwojak Bio-Cleaning we solve all tasks related to Air BNB cleaning. Get in touch with us.","og_url":"https:\/\/dwojak-biocleaning.webserver2.dk\/en\/cleaning-the-air-bnb\/","og_site_name":"Dwojak Bio-Cleaning","article_modified_time":"2023-06-23T12:09:41+00:00","og_image":[{"width":1254,"height":836,"url":"https:\/\/dwojak-biocleaning.webserver2.dk\/wp-content\/uploads\/2023\/05\/istock-1408980050.jpg","type":"image\/jpeg"}],"twitter_card":"summary_large_image","twitter_misc":{"Est. reading time":"2 minutes"},"schema":{"@context":"https:\/\/schema.org","@graph":[{"@type":"WebPage","@id":"https:\/\/dwojak-biocleaning.webserver2.dk\/en\/cleaning-the-air-bnb\/","url":"https:\/\/dwojak-biocleaning.webserver2.dk\/en\/cleaning-the-air-bnb\/","name":"Air BNB cleaning Copenhagen &#183; Dwojak Bio-Cleaning %","isPartOf":{"@id":"https:\/\/dwojak-biocleaning.webserver2.dk\/en\/#website"},"primaryImageOfPage":{"@id":"https:\/\/dwojak-biocleaning.webserver2.dk\/en\/cleaning-the-air-bnb\/#primaryimage"},"image":{"@id":"https:\/\/dwojak-biocleaning.webserver2.dk\/en\/cleaning-the-air-bnb\/#primaryimage"},"thumbnailUrl":"https:\/\/dwojak-biocleaning.webserver2.dk\/wp-content\/uploads\/2023\/05\/istock-1408980050.jpg","datePublished":"2022-12-08T07:10:30+00:00","dateModified":"2023-06-23T12:09:41+00:00","description":"Do you need Air BNB cleaning in Copenhagen? At %Dwojak Bio-Cleaning we solve all tasks related to Air BNB cleaning. Get in touch with us.","breadcrumb":{"@id":"https:\/\/dwojak-biocleaning.webserver2.dk\/en\/cleaning-the-air-bnb\/#breadcrumb"},"inLanguage":"en-US","potentialAction":[{"@type":"ReadAction","target":["https:\/\/dwojak-biocleaning.webserver2.dk\/en\/cleaning-the-air-bnb\/"]}]},{"@type":"ImageObject","inLanguage":"en-US","@id":"https:\/\/dwojak-biocleaning.webserver2.dk\/en\/cleaning-the-air-bnb\/#primaryimage","url":"https:\/\/dwojak-biocleaning.webserver2.dk\/wp-content\/uploads\/2023\/05\/istock-1408980050.jpg","contentUrl":"https:\/\/dwojak-biocleaning.webserver2.dk\/wp-content\/uploads\/2023\/05\/istock-1408980050.jpg","width":1254,"height":836,"caption":"Cropped view of woman unloading laundry from white washing machine. Tulle cleansing. Cleaning service worker. Concept of purity. Housekeeping idea"},{"@type":"BreadcrumbList","@id":"https:\/\/dwojak-biocleaning.webserver2.dk\/en\/cleaning-the-air-bnb\/#breadcrumb","itemListElement":[{"@type":"ListItem","position":1,"name":"Hjem","item":"https:\/\/dwojak-biocleaning.webserver2.dk\/en\/"},{"@type":"ListItem","position":2,"name":"Cleaning the Air BNB"}]},{"@type":"WebSite","@id":"https:\/\/dwojak-biocleaning.webserver2.dk\/en\/#website","url":"https:\/\/dwojak-biocleaning.webserver2.dk\/en\/","name":"Dwojak Bio-Cleaning","description":"Dwojak Bio-Cleaning tilbyder vinduespudsning, h\u00e5ndv\u00e6rkerreng\u00f8ring og reng\u00f8ring","publisher":{"@id":"https:\/\/dwojak-biocleaning.webserver2.dk\/en\/#organization"},"potentialAction":[{"@type":"SearchAction","target":{"@type":"EntryPoint","urlTemplate":"https:\/\/dwojak-biocleaning.webserver2.dk\/en\/?s={search_term_string}"},"query-input":{"@type":"PropertyValueSpecification","valueRequired":true,"valueName":"search_term_string"}}],"inLanguage":"en-US"},{"@type":"Organization","@id":"https:\/\/dwojak-biocleaning.webserver2.dk\/en\/#organization","name":"Dwojak Bio-Cleaning","url":"https:\/\/dwojak-biocleaning.webserver2.dk\/en\/","logo":{"@type":"ImageObject","inLanguage":"en-US","@id":"https:\/\/dwojak-biocleaning.webserver2.dk\/en\/#\/schema\/logo\/image\/","url":"https:\/\/dwojak-biocleaning.webserver2.dk\/wp-content\/uploads\/2023\/05\/logo.svg","contentUrl":"https:\/\/dwojak-biocleaning.webserver2.dk\/wp-content\/uploads\/2023\/05\/logo.svg","width":1101,"height":871,"caption":"Dwojak Bio-Cleaning"},"image":{"@id":"https:\/\/dwojak-biocleaning.webserver2.dk\/en\/#\/schema\/logo\/image\/"}}]}},"_links":{"self":[{"href":"https:\/\/dwojak-biocleaning.webserver2.dk\/en\/wp-json\/wp\/v2\/pages\/3666","targetHints":{"allow":["GET"]}}],"collection":[{"href":"https:\/\/dwojak-biocleaning.webserver2.dk\/en\/wp-json\/wp\/v2\/pages"}],"about":[{"href":"https:\/\/dwojak-biocleaning.webserver2.dk\/en\/wp-json\/wp\/v2\/types\/page"}],"author":[{"embeddable":true,"href":"https:\/\/dwojak-biocleaning.webserver2.dk\/en\/wp-json\/wp\/v2\/users\/1"}],"replies":[{"embeddable":true,"href":"https:\/\/dwojak-biocleaning.webserver2.dk\/en\/wp-json\/wp\/v2\/comments?post=3666"}],"version-history":[{"count":3,"href":"https:\/\/dwojak-biocleaning.webserver2.dk\/en\/wp-json\/wp\/v2\/pages\/3666\/revisions"}],"predecessor-version":[{"id":3712,"href":"https:\/\/dwojak-biocleaning.webserver2.dk\/en\/wp-json\/wp\/v2\/pages\/3666\/revisions\/3712"}],"wp:featuredmedia":[{"embeddable":true,"href":"https:\/\/dwojak-biocleaning.webserver2.dk\/en\/wp-json\/wp\/v2\/media\/3589"}],"wp:attachment":[{"href":"https:\/\/dwojak-biocleaning.webserver2.dk\/en\/wp-json\/wp\/v2\/media?parent=3666"}],"wp:term":[{"taxonomy":"category","embeddable":true,"href":"https:\/\/dwojak-biocleaning.webserver2.dk\/en\/wp-json\/wp\/v2\/categories?post=3666"}],"curies":[{"name":"wp","href":"https:\/\/api.w.org\/{rel}","templated":true}]}}