{"id":3669,"date":"2020-02-12T08:51:30","date_gmt":"2020-02-12T07:51:30","guid":{"rendered":"https:\/\/dwojak-biocleaning.dk\/home-page\/"},"modified":"2023-06-23T14:10:48","modified_gmt":"2023-06-23T12:10:48","slug":"home-page","status":"publish","type":"page","link":"https:\/\/dwojak-biocleaning.webserver2.dk\/en\/","title":{"rendered":"Home page"},"content":{"rendered":"<section class=\"wpb-content-wrapper\"><p>[vc_row full_width=&#8221;stretch_row&#8221;][vc_column]<div class=\"ult-spacer spacer-6a06def1066ef\" data-id=\"6a06def1066ef\" data-height=\"90\" data-height-mobile=\"60\" data-height-tab=\"90\" data-height-tab-portrait=\"60\" data-height-mobile-landscape=\"60\" style=\"clear:both;display:block;\"><\/div>[vc_row_inner][vc_column_inner width=&#8221;2\/3&#8243;][vc_column_text]<\/p>\n<h1>Dwojak Bio-Cleaning offers green cleaning<\/h1>\n<h2><\/h2>\n<h2>Window cleaning, commercial and residential cleaning<\/h2>\n<h3>We take on jobs big and small<\/h3>\n<p>On this page you can read more about what we offer. We take on jobs big and small. If you don&#8217;t find the exact service you are looking for described here, you are still welcome to <a href=\"https:\/\/dwojak-biocleaning.dk\/en\/contact\/\">contact us<\/a>.<\/p>\n<p>We always try to find a good solution that meets your wishes and needs. The most important thing for us is that our customers are happy and satisfied with our collaboration.[\/vc_column_text][vc_empty_space height=&#8221;30px&#8221;][vc_btn title=&#8221;Read more about us&#8221; style=&#8221;outline-custom&#8221; outline_custom_color=&#8221;#41a476&#8243; outline_custom_hover_background=&#8221;#41a476&#8243; outline_custom_hover_text=&#8221;#ffffff&#8221; shape=&#8221;square&#8221; size=&#8221;sm&#8221; align=&#8221;left&#8221; link=&#8221;url:%2Fen%2Four-values%2F|title:About%20us&#8221;][\/vc_column_inner][vc_column_inner width=&#8221;1\/3&#8243;][\/vc_column_inner][\/vc_row_inner]<div class=\"ult-spacer spacer-6a06def106748\" data-id=\"6a06def106748\" data-height=\"90\" data-height-mobile=\"60\" data-height-tab=\"90\" data-height-tab-portrait=\"60\" data-height-mobile-landscape=\"60\" style=\"clear:both;display:block;\"><\/div>[\/vc_column][\/vc_row][vc_row full_width=&#8221;stretch_row&#8221; el_class=&#8221;custom-sek&#8221; css=&#8221;.vc_custom_1683791289939{background-color: #f7f7f7 !important;}&#8221;][vc_column]<div class=\"ult-spacer spacer-6a06def10677d\" data-id=\"6a06def10677d\" data-height=\"90\" data-height-mobile=\"60\" data-height-tab=\"90\" data-height-tab-portrait=\"60\" data-height-mobile-landscape=\"60\" style=\"clear:both;display:block;\"><\/div>[vc_row_inner][vc_column_inner width=&#8221;1\/3&#8243;][vc_single_image image=&#8221;3520&#8243; img_size=&#8221;full&#8221; alignment=&#8221;center&#8221; style=&#8221;vc_box_circle_2&#8243;][vc_empty_space height=&#8221;15px&#8221;][vc_column_text]<\/p>\n<h4 style=\"text-align: center;\"><a href=\"https:\/\/dwojak-biocleaning.dk\/en\/regular-cleaning\/\">Regular cleaning<\/a><\/h4>\n<p>[\/vc_column_text]<div class=\"ult-spacer spacer-6a06def1067a8\" data-id=\"6a06def1067a8\" data-height=\"0\" data-height-mobile=\"30\" data-height-tab=\"0\" data-height-tab-portrait=\"0\" data-height-mobile-landscape=\"30\" style=\"clear:both;display:block;\"><\/div>[\/vc_column_inner][vc_column_inner width=&#8221;1\/3&#8243;][vc_single_image image=&#8221;3637&#8243; img_size=&#8221;full&#8221; alignment=&#8221;center&#8221; style=&#8221;vc_box_circle_2&#8243;][vc_empty_space height=&#8221;15px&#8221;][vc_column_text]<\/p>\n<h4 style=\"text-align: center;\"><a href=\"https:\/\/dwojak-biocleaning.dk\/en\/deep-cleaning\/\">Deep cleaning<\/a><\/h4>\n<p>[\/vc_column_text]<div class=\"ult-spacer spacer-6a06def1067d0\" data-id=\"6a06def1067d0\" data-height=\"0\" data-height-mobile=\"30\" data-height-tab=\"0\" data-height-tab-portrait=\"0\" data-height-mobile-landscape=\"30\" style=\"clear:both;display:block;\"><\/div>[\/vc_column_inner][vc_column_inner width=&#8221;1\/3&#8243;][vc_single_image image=&#8221;3633&#8243; img_size=&#8221;full&#8221; alignment=&#8221;center&#8221; style=&#8221;vc_box_circle_2&#8243;][vc_empty_space height=&#8221;15px&#8221;][vc_column_text]<\/p>\n<h4 style=\"text-align: center;\"><a href=\"https:\/\/dwojak-biocleaning.dk\/en\/cleaning-for-commercial-customers\/\">Cleaning for commercial customers<\/a><\/h4>\n<p>[\/vc_column_text][\/vc_column_inner][\/vc_row_inner]<div class=\"ult-spacer spacer-6a06def1067f3\" data-id=\"6a06def1067f3\" data-height=\"60\" data-height-mobile=\"30\" data-height-tab=\"60\" data-height-tab-portrait=\"30\" data-height-mobile-landscape=\"30\" style=\"clear:both;display:block;\"><\/div>[vc_row_inner][vc_column_inner width=&#8221;1\/3&#8243;][vc_single_image image=&#8221;3594&#8243; img_size=&#8221;full&#8221; alignment=&#8221;center&#8221; style=&#8221;vc_box_circle_2&#8243;][vc_empty_space height=&#8221;15px&#8221;][vc_column_text]<\/p>\n<h4 style=\"text-align: center;\"><a href=\"https:\/\/dwojak-biocleaning.dk\/en\/cleaning-after-events\/\">Cleaning after events<\/a><\/h4>\n<p>[\/vc_column_text]<div class=\"ult-spacer spacer-6a06def106825\" data-id=\"6a06def106825\" data-height=\"0\" data-height-mobile=\"30\" data-height-tab=\"0\" data-height-tab-portrait=\"0\" data-height-mobile-landscape=\"30\" style=\"clear:both;display:block;\"><\/div>[\/vc_column_inner][vc_column_inner width=&#8221;1\/3&#8243;][vc_single_image image=&#8221;3592&#8243; img_size=&#8221;full&#8221; alignment=&#8221;center&#8221; style=&#8221;vc_box_circle_2&#8243;][vc_empty_space height=&#8221;15px&#8221;][vc_column_text]<\/p>\n<h4 style=\"text-align: center;\"><a href=\"https:\/\/dwojak-biocleaning.dk\/en\/housekeeping-in-private-homes\/\">Housekeeping in private homes<\/a><\/h4>\n<p>[\/vc_column_text]<div class=\"ult-spacer spacer-6a06def10684f\" data-id=\"6a06def10684f\" data-height=\"0\" data-height-mobile=\"30\" data-height-tab=\"0\" data-height-tab-portrait=\"0\" data-height-mobile-landscape=\"30\" style=\"clear:both;display:block;\"><\/div>[\/vc_column_inner][vc_column_inner width=&#8221;1\/3&#8243;][vc_single_image image=&#8221;3635&#8243; img_size=&#8221;full&#8221; alignment=&#8221;center&#8221; style=&#8221;vc_box_circle_2&#8243;][vc_empty_space height=&#8221;15px&#8221;][vc_column_text]<\/p>\n<h4 style=\"text-align: center;\"><a href=\"https:\/\/dwojak-biocleaning.dk\/en\/cleaning-the-air-bnb\/\">Cleaning the Air BNB<\/a><\/h4>\n<p>[\/vc_column_text][\/vc_column_inner][\/vc_row_inner]<div class=\"ult-spacer spacer-6a06def10686e\" data-id=\"6a06def10686e\" data-height=\"90\" data-height-mobile=\"60\" data-height-tab=\"90\" data-height-tab-portrait=\"60\" data-height-mobile-landscape=\"60\" style=\"clear:both;display:block;\"><\/div>[\/vc_column][\/vc_row][vc_row full_width=&#8221;stretch_row&#8221; el_class=&#8221;facebook-hand&#8221;][vc_column offset=&#8221;vc_col-lg-6 vc_col-md-6 vc_col-xs-12&#8243;]<div class=\"ult-spacer spacer-6a06def106891\" data-id=\"6a06def106891\" data-height=\"90\" data-height-mobile=\"60\" data-height-tab=\"90\" data-height-tab-portrait=\"60\" data-height-mobile-landscape=\"60\" style=\"clear:both;display:block;\"><\/div>[vc_column_text]<\/p>\n<h3>Follow us on Facebook<\/h3>\n<p>Follow us on Facebook to see the latest posts and what we&#8217;re up to[\/vc_column_text][\/vc_column][vc_column css_animation=&#8221;rotateInDownRight&#8221; css=&#8221;.vc_custom_1670320927986{background-image: url(https:\/\/dwojak-biocleaning.dk\/wp-content\/uploads\/2022\/03\/fb-01.svg?id=3115) !important;background-position: 0 0 !important;background-repeat: no-repeat !important;}&#8221; offset=&#8221;vc_col-lg-6 vc_col-md-6 vc_col-xs-12&#8243;][vc_empty_space height=&#8221;110px&#8221;][vc_raw_html]PGNlbnRlcj48ZGl2IGlkPSJmYi1yb290Ij48L2Rpdj4KPHNjcmlwdCBhc3luYz0iIiBkZWZlciBjcm9zc29yaWdpbj0iYW5vbnltb3VzIiBzcmM9Imh0dHBzOi8vY29ubmVjdC5mYWNlYm9vay5uZXQvZGFfREsvc2RrLmpzI3hmYm1sPTEmYW1wO3ZlcnNpb249djE2LjAiIG5vbmNlPSJKRFc5cGFhZCI+PC9zY3JpcHQ+PGRpdiBjbGFzcz0iZmItcGFnZSIgZGF0YS1ocmVmPSJodHRwczovL3d3dy5mYWNlYm9vay5jb20vcHJvZmlsZS5waHA\/aWQ9MTAwMDgzMDUwMjU0Mzg3IiBkYXRhLXRhYnM9InRpbWVsaW5lIiBkYXRhLXdpZHRoPSIyMjAiIGRhdGEtaGVpZ2h0PSI0MDAiIGRhdGEtc21hbGwtaGVhZGVyPSJ0cnVlIiBkYXRhLWFkYXB0LWNvbnRhaW5lci13aWR0aD0idHJ1ZSIgZGF0YS1oaWRlLWNvdmVyPSJmYWxzZSIgZGF0YS1zaG93LWZhY2VwaWxlPSJ0cnVlIj48YmxvY2txdW90ZSBjaXRlPSJodHRwczovL3d3dy5mYWNlYm9vay5jb20vcHJvZmlsZS5waHA\/aWQ9MTAwMDgzMDUwMjU0Mzg3IiBjbGFzcz0iZmIteGZibWwtcGFyc2UtaWdub3JlIj48YSBocmVmPSJodHRwczovL3d3dy5mYWNlYm9vay5jb20vcHJvZmlsZS5waHA\/aWQ9MTAwMDgzMDUwMjU0Mzg3Ij5Ed29qYWsgQmlvLUNsZWFuaW5nPC9hPjwvYmxvY2txdW90ZT48L2Rpdj48L2NlbnRlcj4=[\/vc_raw_html][vc_empty_space height=&#8221;200px&#8221;][\/vc_column][\/vc_row][vc_row full_width=&#8221;stretch_row&#8221; el_class=&#8221;overlay white cta parallax&#8221; css=&#8221;.vc_custom_1683791337966{background-image: url(https:\/\/dwojak-biocleaning.dk\/wp-content\/uploads\/2023\/05\/istock-1308051053.jpg?id=3508) !important;background-position: center !important;background-repeat: no-repeat !important;background-size: cover !important;}&#8221;][vc_column]<div class=\"ult-spacer spacer-6a06def1068bb\" data-id=\"6a06def1068bb\" data-height=\"90\" data-height-mobile=\"60\" data-height-tab=\"90\" data-height-tab-portrait=\"60\" data-height-mobile-landscape=\"60\" style=\"clear:both;display:block;\"><\/div>[vc_row_inner][vc_column_inner width=&#8221;5\/6&#8243; offset=&#8221;vc_col-lg-6 vc_col-md-8 vc_col-xs-12&#8243;][vc_column_text]<\/p>\n<h3>Do you have any questions?<\/h3>\n<p>We&#8217;re here to answer any questions you may have that aren&#8217;t answered on this website. So don&#8217;t hesitate to call or write to us. We&#8217;re happy to have a no-obligation chat with you about your plans.[\/vc_column_text][vc_empty_space height=&#8221;30px&#8221;][vc_raw_html]JTVCZm9ybWluYXRvcl9mb3JtJTIwaWQlM0QlMjIzNzAyJTIyJTVE[\/vc_raw_html][\/vc_column_inner][vc_column_inner width=&#8221;1\/6&#8243; offset=&#8221;vc_col-lg-6 vc_col-md-4 vc_col-xs-12&#8243;][\/vc_column_inner][\/vc_row_inner]<div class=\"ult-spacer spacer-6a06def1068e1\" data-id=\"6a06def1068e1\" data-height=\"90\" data-height-mobile=\"60\" data-height-tab=\"90\" data-height-tab-portrait=\"60\" data-height-mobile-landscape=\"60\" style=\"clear:both;display:block;\"><\/div>[\/vc_column][\/vc_row]<\/p>\n<\/section>","protected":false},"excerpt":{"rendered":"<p>[vc_row full_width=&#8221;stretch_row&#8221;][vc_column][vc_row_inner][vc_column_inner width=&#8221;2\/3&#8243;][vc_column_text] Dwojak Bio-Cleaning offers green cleaning Window cleaning, commercial and residential cleaning We take on jobs big and small On this page you can read more about what we offer. We take on jobs big and small. If you don&#8217;t find the exact service you are looking for described here, you are still &#8230; <a title=\"Home page\" class=\"read-more\" href=\"https:\/\/dwojak-biocleaning.webserver2.dk\/en\/\" aria-label=\"More on Home page\">Read more<\/a><\/p>\n","protected":false},"author":1,"featured_media":0,"parent":0,"menu_order":0,"comment_status":"closed","ping_status":"closed","template":"","meta":{"footnotes":""},"categories":[],"class_list":["post-3669","page","type-page","status-publish"],"yoast_head":"<!-- This site is optimized with the Yoast SEO plugin v27.4 - https:\/\/yoast.com\/product\/yoast-seo-wordpress\/ -->\n<title>Green cleaning for homes and businesses &#183; Dwojak Bio-Cleaning<\/title>\n<meta name=\"description\" content=\"Is the environment important to you? At %Dwojak Bio-Cleaning, green cleaning is a matter of course. We offer residential and commercial cleaning services. Get in touch with us.\" \/>\n<meta name=\"robots\" content=\"noindex, follow, max-snippet:-1, max-image-preview:large, max-video-preview:-1\" \/>\n<meta property=\"og:locale\" content=\"en_US\" \/>\n<meta property=\"og:type\" content=\"article\" \/>\n<meta property=\"og:title\" content=\"Green cleaning for homes and businesses &#183; Dwojak Bio-Cleaning\" \/>\n<meta property=\"og:description\" content=\"Is the environment important to you? At %Dwojak Bio-Cleaning, green cleaning is a matter of course. We offer residential and commercial cleaning services. Get in touch with us.\" \/>\n<meta property=\"og:url\" content=\"https:\/\/dwojak-biocleaning.webserver2.dk\/en\/\" \/>\n<meta property=\"og:site_name\" content=\"Dwojak Bio-Cleaning\" \/>\n<meta property=\"article:modified_time\" content=\"2023-06-23T12:10:48+00:00\" \/>\n<meta name=\"twitter:card\" content=\"summary_large_image\" \/>\n<meta name=\"twitter:label1\" content=\"Est. reading time\" \/>\n\t<meta name=\"twitter:data1\" content=\"2 minutes\" \/>\n<script type=\"application\/ld+json\" class=\"yoast-schema-graph\">{\"@context\":\"https:\\\/\\\/schema.org\",\"@graph\":[{\"@type\":\"WebPage\",\"@id\":\"https:\\\/\\\/dwojak-biocleaning.webserver2.dk\\\/en\\\/\",\"url\":\"https:\\\/\\\/dwojak-biocleaning.webserver2.dk\\\/en\\\/\",\"name\":\"Green cleaning for homes and businesses &#183; Dwojak Bio-Cleaning\",\"isPartOf\":{\"@id\":\"https:\\\/\\\/dwojak-biocleaning.webserver2.dk\\\/en\\\/#website\"},\"datePublished\":\"2020-02-12T07:51:30+00:00\",\"dateModified\":\"2023-06-23T12:10:48+00:00\",\"description\":\"Is the environment important to you? At %Dwojak Bio-Cleaning, green cleaning is a matter of course. We offer residential and commercial cleaning services. Get in touch with us.\",\"breadcrumb\":{\"@id\":\"https:\\\/\\\/dwojak-biocleaning.webserver2.dk\\\/en\\\/#breadcrumb\"},\"inLanguage\":\"en-US\",\"potentialAction\":[{\"@type\":\"ReadAction\",\"target\":[\"https:\\\/\\\/dwojak-biocleaning.webserver2.dk\\\/en\\\/\"]}]},{\"@type\":\"BreadcrumbList\",\"@id\":\"https:\\\/\\\/dwojak-biocleaning.webserver2.dk\\\/en\\\/#breadcrumb\",\"itemListElement\":[{\"@type\":\"ListItem\",\"position\":1,\"name\":\"Hjem\",\"item\":\"https:\\\/\\\/dwojak-biocleaning.webserver2.dk\\\/en\\\/\"},{\"@type\":\"ListItem\",\"position\":2,\"name\":\"Home page\"}]},{\"@type\":\"WebSite\",\"@id\":\"https:\\\/\\\/dwojak-biocleaning.webserver2.dk\\\/en\\\/#website\",\"url\":\"https:\\\/\\\/dwojak-biocleaning.webserver2.dk\\\/en\\\/\",\"name\":\"Dwojak Bio-Cleaning\",\"description\":\"Dwojak Bio-Cleaning tilbyder vinduespudsning, h\u00e5ndv\u00e6rkerreng\u00f8ring og reng\u00f8ring\",\"publisher\":{\"@id\":\"https:\\\/\\\/dwojak-biocleaning.webserver2.dk\\\/en\\\/#organization\"},\"potentialAction\":[{\"@type\":\"SearchAction\",\"target\":{\"@type\":\"EntryPoint\",\"urlTemplate\":\"https:\\\/\\\/dwojak-biocleaning.webserver2.dk\\\/en\\\/?s={search_term_string}\"},\"query-input\":{\"@type\":\"PropertyValueSpecification\",\"valueRequired\":true,\"valueName\":\"search_term_string\"}}],\"inLanguage\":\"en-US\"},{\"@type\":\"Organization\",\"@id\":\"https:\\\/\\\/dwojak-biocleaning.webserver2.dk\\\/en\\\/#organization\",\"name\":\"Dwojak Bio-Cleaning\",\"url\":\"https:\\\/\\\/dwojak-biocleaning.webserver2.dk\\\/en\\\/\",\"logo\":{\"@type\":\"ImageObject\",\"inLanguage\":\"en-US\",\"@id\":\"https:\\\/\\\/dwojak-biocleaning.webserver2.dk\\\/en\\\/#\\\/schema\\\/logo\\\/image\\\/\",\"url\":\"https:\\\/\\\/dwojak-biocleaning.webserver2.dk\\\/wp-content\\\/uploads\\\/2023\\\/05\\\/logo.svg\",\"contentUrl\":\"https:\\\/\\\/dwojak-biocleaning.webserver2.dk\\\/wp-content\\\/uploads\\\/2023\\\/05\\\/logo.svg\",\"width\":1101,\"height\":871,\"caption\":\"Dwojak Bio-Cleaning\"},\"image\":{\"@id\":\"https:\\\/\\\/dwojak-biocleaning.webserver2.dk\\\/en\\\/#\\\/schema\\\/logo\\\/image\\\/\"}}]}<\/script>\n<!-- \/ Yoast SEO plugin. -->","yoast_head_json":{"title":"Green cleaning for homes and businesses &#183; Dwojak Bio-Cleaning","description":"Is the environment important to you? At %Dwojak Bio-Cleaning, green cleaning is a matter of course. We offer residential and commercial cleaning services. Get in touch with us.","robots":{"index":"noindex","follow":"follow","max-snippet":"max-snippet:-1","max-image-preview":"max-image-preview:large","max-video-preview":"max-video-preview:-1"},"og_locale":"en_US","og_type":"article","og_title":"Green cleaning for homes and businesses &#183; Dwojak Bio-Cleaning","og_description":"Is the environment important to you? At %Dwojak Bio-Cleaning, green cleaning is a matter of course. We offer residential and commercial cleaning services. Get in touch with us.","og_url":"https:\/\/dwojak-biocleaning.webserver2.dk\/en\/","og_site_name":"Dwojak Bio-Cleaning","article_modified_time":"2023-06-23T12:10:48+00:00","twitter_card":"summary_large_image","twitter_misc":{"Est. reading time":"2 minutes"},"schema":{"@context":"https:\/\/schema.org","@graph":[{"@type":"WebPage","@id":"https:\/\/dwojak-biocleaning.webserver2.dk\/en\/","url":"https:\/\/dwojak-biocleaning.webserver2.dk\/en\/","name":"Green cleaning for homes and businesses &#183; Dwojak Bio-Cleaning","isPartOf":{"@id":"https:\/\/dwojak-biocleaning.webserver2.dk\/en\/#website"},"datePublished":"2020-02-12T07:51:30+00:00","dateModified":"2023-06-23T12:10:48+00:00","description":"Is the environment important to you? At %Dwojak Bio-Cleaning, green cleaning is a matter of course. We offer residential and commercial cleaning services. Get in touch with us.","breadcrumb":{"@id":"https:\/\/dwojak-biocleaning.webserver2.dk\/en\/#breadcrumb"},"inLanguage":"en-US","potentialAction":[{"@type":"ReadAction","target":["https:\/\/dwojak-biocleaning.webserver2.dk\/en\/"]}]},{"@type":"BreadcrumbList","@id":"https:\/\/dwojak-biocleaning.webserver2.dk\/en\/#breadcrumb","itemListElement":[{"@type":"ListItem","position":1,"name":"Hjem","item":"https:\/\/dwojak-biocleaning.webserver2.dk\/en\/"},{"@type":"ListItem","position":2,"name":"Home page"}]},{"@type":"WebSite","@id":"https:\/\/dwojak-biocleaning.webserver2.dk\/en\/#website","url":"https:\/\/dwojak-biocleaning.webserver2.dk\/en\/","name":"Dwojak Bio-Cleaning","description":"Dwojak Bio-Cleaning tilbyder vinduespudsning, h\u00e5ndv\u00e6rkerreng\u00f8ring og reng\u00f8ring","publisher":{"@id":"https:\/\/dwojak-biocleaning.webserver2.dk\/en\/#organization"},"potentialAction":[{"@type":"SearchAction","target":{"@type":"EntryPoint","urlTemplate":"https:\/\/dwojak-biocleaning.webserver2.dk\/en\/?s={search_term_string}"},"query-input":{"@type":"PropertyValueSpecification","valueRequired":true,"valueName":"search_term_string"}}],"inLanguage":"en-US"},{"@type":"Organization","@id":"https:\/\/dwojak-biocleaning.webserver2.dk\/en\/#organization","name":"Dwojak Bio-Cleaning","url":"https:\/\/dwojak-biocleaning.webserver2.dk\/en\/","logo":{"@type":"ImageObject","inLanguage":"en-US","@id":"https:\/\/dwojak-biocleaning.webserver2.dk\/en\/#\/schema\/logo\/image\/","url":"https:\/\/dwojak-biocleaning.webserver2.dk\/wp-content\/uploads\/2023\/05\/logo.svg","contentUrl":"https:\/\/dwojak-biocleaning.webserver2.dk\/wp-content\/uploads\/2023\/05\/logo.svg","width":1101,"height":871,"caption":"Dwojak Bio-Cleaning"},"image":{"@id":"https:\/\/dwojak-biocleaning.webserver2.dk\/en\/#\/schema\/logo\/image\/"}}]}},"_links":{"self":[{"href":"https:\/\/dwojak-biocleaning.webserver2.dk\/en\/wp-json\/wp\/v2\/pages\/3669","targetHints":{"allow":["GET"]}}],"collection":[{"href":"https:\/\/dwojak-biocleaning.webserver2.dk\/en\/wp-json\/wp\/v2\/pages"}],"about":[{"href":"https:\/\/dwojak-biocleaning.webserver2.dk\/en\/wp-json\/wp\/v2\/types\/page"}],"author":[{"embeddable":true,"href":"https:\/\/dwojak-biocleaning.webserver2.dk\/en\/wp-json\/wp\/v2\/users\/1"}],"replies":[{"embeddable":true,"href":"https:\/\/dwojak-biocleaning.webserver2.dk\/en\/wp-json\/wp\/v2\/comments?post=3669"}],"version-history":[{"count":4,"href":"https:\/\/dwojak-biocleaning.webserver2.dk\/en\/wp-json\/wp\/v2\/pages\/3669\/revisions"}],"predecessor-version":[{"id":3713,"href":"https:\/\/dwojak-biocleaning.webserver2.dk\/en\/wp-json\/wp\/v2\/pages\/3669\/revisions\/3713"}],"wp:attachment":[{"href":"https:\/\/dwojak-biocleaning.webserver2.dk\/en\/wp-json\/wp\/v2\/media?parent=3669"}],"wp:term":[{"taxonomy":"category","embeddable":true,"href":"https:\/\/dwojak-biocleaning.webserver2.dk\/en\/wp-json\/wp\/v2\/categories?post=3669"}],"curies":[{"name":"wp","href":"https:\/\/api.w.org\/{rel}","templated":true}]}}