{"id":3670,"date":"2020-02-12T13:11:38","date_gmt":"2020-02-12T12:11:38","guid":{"rendered":"https:\/\/dwojak-biocleaning.dk\/contact\/"},"modified":"2023-06-23T14:04:15","modified_gmt":"2023-06-23T12:04:15","slug":"contact","status":"publish","type":"page","link":"https:\/\/dwojak-biocleaning.webserver2.dk\/en\/contact\/","title":{"rendered":"Contact"},"content":{"rendered":"<section class=\"wpb-content-wrapper\"><p>[vc_row full_width=&#8221;stretch_row&#8221; el_class=&#8221;center&#8221;][vc_column]<div class=\"ult-spacer spacer-6a06e79886926\" data-id=\"6a06e79886926\" data-height=\"90\" data-height-mobile=\"60\" data-height-tab=\"90\" data-height-tab-portrait=\"60\" data-height-mobile-landscape=\"60\" style=\"clear:both;display:block;\"><\/div>[vc_row_inner][vc_column_inner width=&#8221;1\/4&#8243;][\/vc_column_inner][vc_column_inner width=&#8221;1\/2&#8243;][vc_column_text]<\/p>\n<h1 style=\"text-align: center;\">Contact<\/h1>\n<p style=\"text-align: center;\"><strong>Dwojak Bio-Cleaning<\/strong><br \/>\nH\u00f8je Taastrup Boulevard 15<br \/>\n2630 H\u00f8je Taastrup<\/p>\n<p style=\"text-align: center;\">Phone: <a href=\"te:91855809\">(+45) 91 85 58 58 09<\/a><br \/>\nEmail: <a href=\"mailto:Dwojakcleaning@outlook.dk\">Dwojakcleaning@outlook.dk<\/a><\/p>\n<p style=\"text-align: center;\">CVR no.: 43407864<\/p>\n<p>[\/vc_column_text][vc_empty_space height=&#8221;30px&#8221;][vc_column_text]<\/p>\n<h3 style=\"text-align: center;\">Write to us<\/h3>\n<p>[\/vc_column_text][vc_empty_space height=&#8221;20px&#8221;][vc_raw_html]JTVCZm9ybWluYXRvcl9mb3JtJTIwaWQlM0QlMjIzNzAyJTIyJTVE[\/vc_raw_html][\/vc_column_inner][vc_column_inner width=&#8221;1\/4&#8243;][\/vc_column_inner][\/vc_row_inner]<div class=\"ult-spacer spacer-6a06e7988696f\" data-id=\"6a06e7988696f\" data-height=\"90\" data-height-mobile=\"60\" data-height-tab=\"90\" data-height-tab-portrait=\"60\" data-height-mobile-landscape=\"60\" style=\"clear:both;display:block;\"><\/div>[\/vc_column][\/vc_row]<\/p>\n<\/section>","protected":false},"excerpt":{"rendered":"<p>Do you have questions or comments?<\/p>\n","protected":false},"author":1,"featured_media":0,"parent":0,"menu_order":0,"comment_status":"closed","ping_status":"closed","template":"","meta":{"footnotes":""},"categories":[],"class_list":["post-3670","page","type-page","status-publish"],"yoast_head":"<!-- This site is optimized with the Yoast SEO plugin v27.4 - https:\/\/yoast.com\/product\/yoast-seo-wordpress\/ -->\n<title>Contact &#183; Dwojak Bio-Cleaning<\/title>\n<meta name=\"robots\" content=\"noindex, follow, max-snippet:-1, max-image-preview:large, max-video-preview:-1\" \/>\n<meta property=\"og:locale\" content=\"en_US\" \/>\n<meta property=\"og:type\" content=\"article\" \/>\n<meta property=\"og:title\" content=\"Contact &#183; Dwojak Bio-Cleaning\" \/>\n<meta property=\"og:description\" content=\"Do you have questions or comments?\" \/>\n<meta property=\"og:url\" content=\"https:\/\/dwojak-biocleaning.webserver2.dk\/en\/contact\/\" \/>\n<meta property=\"og:site_name\" content=\"Dwojak Bio-Cleaning\" \/>\n<meta property=\"article:modified_time\" content=\"2023-06-23T12:04:15+00:00\" \/>\n<meta name=\"twitter:card\" content=\"summary_large_image\" \/>\n<meta name=\"twitter:label1\" content=\"Est. reading time\" \/>\n\t<meta name=\"twitter:data1\" content=\"1 minute\" \/>\n<script type=\"application\/ld+json\" class=\"yoast-schema-graph\">{\"@context\":\"https:\\\/\\\/schema.org\",\"@graph\":[{\"@type\":\"WebPage\",\"@id\":\"https:\\\/\\\/dwojak-biocleaning.webserver2.dk\\\/en\\\/contact\\\/\",\"url\":\"https:\\\/\\\/dwojak-biocleaning.webserver2.dk\\\/en\\\/contact\\\/\",\"name\":\"Contact &#183; Dwojak Bio-Cleaning\",\"isPartOf\":{\"@id\":\"https:\\\/\\\/dwojak-biocleaning.webserver2.dk\\\/en\\\/#website\"},\"datePublished\":\"2020-02-12T12:11:38+00:00\",\"dateModified\":\"2023-06-23T12:04:15+00:00\",\"breadcrumb\":{\"@id\":\"https:\\\/\\\/dwojak-biocleaning.webserver2.dk\\\/en\\\/contact\\\/#breadcrumb\"},\"inLanguage\":\"en-US\",\"potentialAction\":[{\"@type\":\"ReadAction\",\"target\":[\"https:\\\/\\\/dwojak-biocleaning.webserver2.dk\\\/en\\\/contact\\\/\"]}]},{\"@type\":\"BreadcrumbList\",\"@id\":\"https:\\\/\\\/dwojak-biocleaning.webserver2.dk\\\/en\\\/contact\\\/#breadcrumb\",\"itemListElement\":[{\"@type\":\"ListItem\",\"position\":1,\"name\":\"Hjem\",\"item\":\"https:\\\/\\\/dwojak-biocleaning.webserver2.dk\\\/en\\\/\"},{\"@type\":\"ListItem\",\"position\":2,\"name\":\"Contact\"}]},{\"@type\":\"WebSite\",\"@id\":\"https:\\\/\\\/dwojak-biocleaning.webserver2.dk\\\/en\\\/#website\",\"url\":\"https:\\\/\\\/dwojak-biocleaning.webserver2.dk\\\/en\\\/\",\"name\":\"Dwojak Bio-Cleaning\",\"description\":\"Dwojak Bio-Cleaning tilbyder vinduespudsning, h\u00e5ndv\u00e6rkerreng\u00f8ring og reng\u00f8ring\",\"publisher\":{\"@id\":\"https:\\\/\\\/dwojak-biocleaning.webserver2.dk\\\/en\\\/#organization\"},\"potentialAction\":[{\"@type\":\"SearchAction\",\"target\":{\"@type\":\"EntryPoint\",\"urlTemplate\":\"https:\\\/\\\/dwojak-biocleaning.webserver2.dk\\\/en\\\/?s={search_term_string}\"},\"query-input\":{\"@type\":\"PropertyValueSpecification\",\"valueRequired\":true,\"valueName\":\"search_term_string\"}}],\"inLanguage\":\"en-US\"},{\"@type\":\"Organization\",\"@id\":\"https:\\\/\\\/dwojak-biocleaning.webserver2.dk\\\/en\\\/#organization\",\"name\":\"Dwojak Bio-Cleaning\",\"url\":\"https:\\\/\\\/dwojak-biocleaning.webserver2.dk\\\/en\\\/\",\"logo\":{\"@type\":\"ImageObject\",\"inLanguage\":\"en-US\",\"@id\":\"https:\\\/\\\/dwojak-biocleaning.webserver2.dk\\\/en\\\/#\\\/schema\\\/logo\\\/image\\\/\",\"url\":\"https:\\\/\\\/dwojak-biocleaning.webserver2.dk\\\/wp-content\\\/uploads\\\/2023\\\/05\\\/logo.svg\",\"contentUrl\":\"https:\\\/\\\/dwojak-biocleaning.webserver2.dk\\\/wp-content\\\/uploads\\\/2023\\\/05\\\/logo.svg\",\"width\":1101,\"height\":871,\"caption\":\"Dwojak Bio-Cleaning\"},\"image\":{\"@id\":\"https:\\\/\\\/dwojak-biocleaning.webserver2.dk\\\/en\\\/#\\\/schema\\\/logo\\\/image\\\/\"}}]}<\/script>\n<!-- \/ Yoast SEO plugin. -->","yoast_head_json":{"title":"Contact &#183; Dwojak Bio-Cleaning","robots":{"index":"noindex","follow":"follow","max-snippet":"max-snippet:-1","max-image-preview":"max-image-preview:large","max-video-preview":"max-video-preview:-1"},"og_locale":"en_US","og_type":"article","og_title":"Contact &#183; Dwojak Bio-Cleaning","og_description":"Do you have questions or comments?","og_url":"https:\/\/dwojak-biocleaning.webserver2.dk\/en\/contact\/","og_site_name":"Dwojak Bio-Cleaning","article_modified_time":"2023-06-23T12:04:15+00:00","twitter_card":"summary_large_image","twitter_misc":{"Est. reading time":"1 minute"},"schema":{"@context":"https:\/\/schema.org","@graph":[{"@type":"WebPage","@id":"https:\/\/dwojak-biocleaning.webserver2.dk\/en\/contact\/","url":"https:\/\/dwojak-biocleaning.webserver2.dk\/en\/contact\/","name":"Contact &#183; Dwojak Bio-Cleaning","isPartOf":{"@id":"https:\/\/dwojak-biocleaning.webserver2.dk\/en\/#website"},"datePublished":"2020-02-12T12:11:38+00:00","dateModified":"2023-06-23T12:04:15+00:00","breadcrumb":{"@id":"https:\/\/dwojak-biocleaning.webserver2.dk\/en\/contact\/#breadcrumb"},"inLanguage":"en-US","potentialAction":[{"@type":"ReadAction","target":["https:\/\/dwojak-biocleaning.webserver2.dk\/en\/contact\/"]}]},{"@type":"BreadcrumbList","@id":"https:\/\/dwojak-biocleaning.webserver2.dk\/en\/contact\/#breadcrumb","itemListElement":[{"@type":"ListItem","position":1,"name":"Hjem","item":"https:\/\/dwojak-biocleaning.webserver2.dk\/en\/"},{"@type":"ListItem","position":2,"name":"Contact"}]},{"@type":"WebSite","@id":"https:\/\/dwojak-biocleaning.webserver2.dk\/en\/#website","url":"https:\/\/dwojak-biocleaning.webserver2.dk\/en\/","name":"Dwojak Bio-Cleaning","description":"Dwojak Bio-Cleaning tilbyder vinduespudsning, h\u00e5ndv\u00e6rkerreng\u00f8ring og reng\u00f8ring","publisher":{"@id":"https:\/\/dwojak-biocleaning.webserver2.dk\/en\/#organization"},"potentialAction":[{"@type":"SearchAction","target":{"@type":"EntryPoint","urlTemplate":"https:\/\/dwojak-biocleaning.webserver2.dk\/en\/?s={search_term_string}"},"query-input":{"@type":"PropertyValueSpecification","valueRequired":true,"valueName":"search_term_string"}}],"inLanguage":"en-US"},{"@type":"Organization","@id":"https:\/\/dwojak-biocleaning.webserver2.dk\/en\/#organization","name":"Dwojak Bio-Cleaning","url":"https:\/\/dwojak-biocleaning.webserver2.dk\/en\/","logo":{"@type":"ImageObject","inLanguage":"en-US","@id":"https:\/\/dwojak-biocleaning.webserver2.dk\/en\/#\/schema\/logo\/image\/","url":"https:\/\/dwojak-biocleaning.webserver2.dk\/wp-content\/uploads\/2023\/05\/logo.svg","contentUrl":"https:\/\/dwojak-biocleaning.webserver2.dk\/wp-content\/uploads\/2023\/05\/logo.svg","width":1101,"height":871,"caption":"Dwojak Bio-Cleaning"},"image":{"@id":"https:\/\/dwojak-biocleaning.webserver2.dk\/en\/#\/schema\/logo\/image\/"}}]}},"_links":{"self":[{"href":"https:\/\/dwojak-biocleaning.webserver2.dk\/en\/wp-json\/wp\/v2\/pages\/3670","targetHints":{"allow":["GET"]}}],"collection":[{"href":"https:\/\/dwojak-biocleaning.webserver2.dk\/en\/wp-json\/wp\/v2\/pages"}],"about":[{"href":"https:\/\/dwojak-biocleaning.webserver2.dk\/en\/wp-json\/wp\/v2\/types\/page"}],"author":[{"embeddable":true,"href":"https:\/\/dwojak-biocleaning.webserver2.dk\/en\/wp-json\/wp\/v2\/users\/1"}],"replies":[{"embeddable":true,"href":"https:\/\/dwojak-biocleaning.webserver2.dk\/en\/wp-json\/wp\/v2\/comments?post=3670"}],"version-history":[{"count":5,"href":"https:\/\/dwojak-biocleaning.webserver2.dk\/en\/wp-json\/wp\/v2\/pages\/3670\/revisions"}],"predecessor-version":[{"id":3704,"href":"https:\/\/dwojak-biocleaning.webserver2.dk\/en\/wp-json\/wp\/v2\/pages\/3670\/revisions\/3704"}],"wp:attachment":[{"href":"https:\/\/dwojak-biocleaning.webserver2.dk\/en\/wp-json\/wp\/v2\/media?parent=3670"}],"wp:term":[{"taxonomy":"category","embeddable":true,"href":"https:\/\/dwojak-biocleaning.webserver2.dk\/en\/wp-json\/wp\/v2\/categories?post=3670"}],"curies":[{"name":"wp","href":"https:\/\/api.w.org\/{rel}","templated":true}]}}