{"id":3677,"date":"2022-12-06T10:19:08","date_gmt":"2022-12-06T09:19:08","guid":{"rendered":"https:\/\/dwojak-biocleaning.dk\/cleaning-for-commercial-customers\/"},"modified":"2023-06-23T14:08:09","modified_gmt":"2023-06-23T12:08:09","slug":"cleaning-for-commercial-customers","status":"publish","type":"page","link":"https:\/\/dwojak-biocleaning.webserver2.dk\/en\/cleaning-for-commercial-customers\/","title":{"rendered":"Cleaning for commercial customers"},"content":{"rendered":"<section class=\"wpb-content-wrapper\"><p>[vc_row full_width=&#8221;stretch_row&#8221;][vc_column]<div class=\"ult-spacer spacer-6a06f3bcc9d0f\" data-id=\"6a06f3bcc9d0f\" data-height=\"90\" data-height-mobile=\"60\" data-height-tab=\"90\" data-height-tab-portrait=\"60\" data-height-mobile-landscape=\"60\" style=\"clear:both;display:block;\"><\/div>[vc_column_text]<\/p>\n<h1>Commercial Cleaning &#8211; Commercial Cleaning in Copenhagen<\/h1>\n<p>[\/vc_column_text][vc_empty_space height=&#8221;15px&#8221;][vc_separator][vc_empty_space height=&#8221;15px&#8221;][vc_row_inner][vc_column_inner width=&#8221;1\/2&#8243;][vc_column_text]<\/p>\n<h2>Commercial cleaning services are also available<\/h2>\n<p>If you are interested in commercial cleaning in Copenhagen, our procedure is for you as a company to contact Dwojak Bio-Cleaning using our contact <a href=\"https:\/\/dwojak-biocleaning.dk\/en\/contact\/\">form<\/a> or one of our available contact details.<\/p>\n<p>We clean stairwells ranging from single stairwells to large residential complexes.<\/p>\n<p>&nbsp;<\/p>\n<h3>Industrial kitchens<\/h3>\n<p>If you run an industrial kitchen, it&#8217;s only natural that the cleaning performed must always be of the highest quality, and we can offer to be your partner to help you achieve your goals. We&#8217;ve cleaned many kitchens over the years with excellent results, so we can do the same for you. With a constant focus on developing our techniques and products, we are committed to providing you with the best service on the market.[\/vc_column_text]<div class=\"ult-spacer spacer-6a06f3bcc9d5e\" data-id=\"6a06f3bcc9d5e\" data-height=\"0\" data-height-mobile=\"15\" data-height-tab=\"0\" data-height-tab-portrait=\"0\" data-height-mobile-landscape=\"15\" style=\"clear:both;display:block;\"><\/div>[\/vc_column_inner][vc_column_inner width=&#8221;1\/2&#8243;][vc_column_text]<\/p>\n<h3>Office<\/h3>\n<p>If you have a busy office with a hectic and sometimes stressful workday where you find value in throwing your energy into the work to achieve great results rather than wasting it on cleaning, washing dishes and all the other less fun but still not satisfying things like a messy and dirty office, turn to us, we&#8217;ll get the job done with a smile and an always shiny result.<\/p>\n<p>Dwojak Bio-Cleaning also offers biological cleaning services for many other types of tasks than those described in this category. All bio-friendly commercial cleaning jobs are individual and therefore require a calculation to be made for each individual job. <a href=\"https:\/\/dwojak-biocleaning.dk\/en\/contact\/\">Contact<\/a> Dwojak Bio-Cleaning for more information.<\/p>\n<p>&nbsp;<\/p>\n<h3>Contact us about commercial cleaning in Copenhagen<\/h3>\n<p>Want to learn more about commercial cleaning in Copenhagen or our other services? You can always call us on <a href=\"tel:91855809\">91 85 <\/a><a href=\"tel:91855809\">58 09<\/a> or send us an email at <a href=\"mailto:Dwojakcleaning@outlook.dk\">Dwojakcleaning@outlook.dk<\/a>. You are also welcome to fill out our contact form <a href=\"https:\/\/dwojak-biocleaning.dk\/en\/contact\/\">here<\/a>.<\/p>\n<p>[\/vc_column_text][\/vc_column_inner][\/vc_row_inner]<div class=\"ult-spacer spacer-6a06f3bcc9d87\" data-id=\"6a06f3bcc9d87\" data-height=\"90\" data-height-mobile=\"60\" data-height-tab=\"90\" data-height-tab-portrait=\"60\" data-height-mobile-landscape=\"60\" style=\"clear:both;display:block;\"><\/div>[vc_media_grid element_width=&#8221;3&#8243; gap=&#8221;20&#8243; grid_id=&#8221;vc_gid:1687522084160-866ea4a3-35c4-7&#8243; include=&#8221;3514,3512,3516,3520&#8243;]<div class=\"ult-spacer spacer-6a06f3bcc9daa\" data-id=\"6a06f3bcc9daa\" data-height=\"90\" data-height-mobile=\"60\" data-height-tab=\"90\" data-height-tab-portrait=\"60\" data-height-mobile-landscape=\"60\" style=\"clear:both;display:block;\"><\/div>[\/vc_column][\/vc_row][vc_row full_width=&#8221;stretch_row&#8221; el_class=&#8221;overlay white cta parallax&#8221; css=&#8221;.vc_custom_1683789999313{background-image: url(https:\/\/dwojak-biocleaning.dk\/wp-content\/uploads\/2023\/05\/istock-1308051053.jpg?id=3508) !important;background-position: center !important;background-repeat: no-repeat !important;background-size: cover !important;}&#8221;][vc_column]<div class=\"ult-spacer spacer-6a06f3bcc9dca\" data-id=\"6a06f3bcc9dca\" data-height=\"90\" data-height-mobile=\"60\" data-height-tab=\"90\" data-height-tab-portrait=\"60\" data-height-mobile-landscape=\"60\" style=\"clear:both;display:block;\"><\/div>[vc_row_inner][vc_column_inner width=&#8221;5\/6&#8243; offset=&#8221;vc_col-lg-6 vc_col-md-8 vc_col-xs-12&#8243;][vc_column_text]<\/p>\n<h3>Do you have any questions?<\/h3>\n<p>We&#8217;re here to answer any questions you may have that aren&#8217;t answered on this website. So don&#8217;t hesitate to call or write to us. We&#8217;re happy to have a no-obligation chat with you about your plans.[\/vc_column_text][vc_empty_space height=&#8221;30px&#8221;][vc_raw_html]JTVCZm9ybWluYXRvcl9mb3JtJTIwaWQlM0QlMjIzNzAyJTIyJTVE[\/vc_raw_html][\/vc_column_inner][vc_column_inner width=&#8221;1\/6&#8243; offset=&#8221;vc_col-lg-6 vc_col-md-4 vc_col-xs-12&#8243;][\/vc_column_inner][\/vc_row_inner]<div class=\"ult-spacer spacer-6a06f3bcc9de9\" data-id=\"6a06f3bcc9de9\" data-height=\"90\" data-height-mobile=\"60\" data-height-tab=\"90\" data-height-tab-portrait=\"60\" data-height-mobile-landscape=\"60\" style=\"clear:both;display:block;\"><\/div>[\/vc_column][\/vc_row]<\/p>\n<\/section>","protected":false},"excerpt":{"rendered":"<p>[vc_row full_width=&#8221;stretch_row&#8221;][vc_column][vc_column_text] Commercial Cleaning &#8211; Commercial Cleaning in Copenhagen [\/vc_column_text][vc_empty_space height=&#8221;15px&#8221;][vc_separator][vc_empty_space height=&#8221;15px&#8221;][vc_row_inner][vc_column_inner width=&#8221;1\/2&#8243;][vc_column_text] Commercial cleaning services are also available If you are interested in commercial cleaning in Copenhagen, our procedure is for you as a company to contact Dwojak Bio-Cleaning using our contact form or one of our available contact details. We clean stairwells ranging &#8230; <a title=\"Cleaning for commercial customers\" class=\"read-more\" href=\"https:\/\/dwojak-biocleaning.webserver2.dk\/en\/cleaning-for-commercial-customers\/\" aria-label=\"More on Cleaning for commercial customers\">Read more<\/a><\/p>\n","protected":false},"author":1,"featured_media":0,"parent":0,"menu_order":3,"comment_status":"closed","ping_status":"closed","template":"","meta":{"footnotes":""},"categories":[],"class_list":["post-3677","page","type-page","status-publish"],"yoast_head":"<!-- This site is optimized with the Yoast SEO plugin v27.4 - https:\/\/yoast.com\/product\/yoast-seo-wordpress\/ -->\n<title>Commercial cleaning Copenhagen &#183; Great experience Dwojak Bio-Cleaning<\/title>\n<meta name=\"description\" content=\"Looking for commercial cleaning in Copenhagen. We clean everything from industrial kitchens to offices. Contact us - we&#039;ll find the right solution for you.\" \/>\n<meta name=\"robots\" content=\"noindex, follow, max-snippet:-1, max-image-preview:large, max-video-preview:-1\" \/>\n<meta property=\"og:locale\" content=\"en_US\" \/>\n<meta property=\"og:type\" content=\"article\" \/>\n<meta property=\"og:title\" content=\"Commercial cleaning Copenhagen &#183; Great experience Dwojak Bio-Cleaning\" \/>\n<meta property=\"og:description\" content=\"Looking for commercial cleaning in Copenhagen. We clean everything from industrial kitchens to offices. Contact us - we&#039;ll find the right solution for you.\" \/>\n<meta property=\"og:url\" content=\"https:\/\/dwojak-biocleaning.webserver2.dk\/en\/cleaning-for-commercial-customers\/\" \/>\n<meta property=\"og:site_name\" content=\"Dwojak Bio-Cleaning\" \/>\n<meta property=\"article:modified_time\" content=\"2023-06-23T12:08:09+00:00\" \/>\n<meta name=\"twitter:card\" content=\"summary_large_image\" \/>\n<meta name=\"twitter:label1\" content=\"Est. reading time\" \/>\n\t<meta name=\"twitter:data1\" content=\"2 minutes\" \/>\n<script type=\"application\/ld+json\" class=\"yoast-schema-graph\">{\"@context\":\"https:\\\/\\\/schema.org\",\"@graph\":[{\"@type\":\"WebPage\",\"@id\":\"https:\\\/\\\/dwojak-biocleaning.webserver2.dk\\\/en\\\/cleaning-for-commercial-customers\\\/\",\"url\":\"https:\\\/\\\/dwojak-biocleaning.webserver2.dk\\\/en\\\/cleaning-for-commercial-customers\\\/\",\"name\":\"Commercial cleaning Copenhagen &#183; Great experience Dwojak Bio-Cleaning\",\"isPartOf\":{\"@id\":\"https:\\\/\\\/dwojak-biocleaning.webserver2.dk\\\/en\\\/#website\"},\"datePublished\":\"2022-12-06T09:19:08+00:00\",\"dateModified\":\"2023-06-23T12:08:09+00:00\",\"description\":\"Looking for commercial cleaning in Copenhagen. We clean everything from industrial kitchens to offices. Contact us - we'll find the right solution for you.\",\"breadcrumb\":{\"@id\":\"https:\\\/\\\/dwojak-biocleaning.webserver2.dk\\\/en\\\/cleaning-for-commercial-customers\\\/#breadcrumb\"},\"inLanguage\":\"en-US\",\"potentialAction\":[{\"@type\":\"ReadAction\",\"target\":[\"https:\\\/\\\/dwojak-biocleaning.webserver2.dk\\\/en\\\/cleaning-for-commercial-customers\\\/\"]}]},{\"@type\":\"BreadcrumbList\",\"@id\":\"https:\\\/\\\/dwojak-biocleaning.webserver2.dk\\\/en\\\/cleaning-for-commercial-customers\\\/#breadcrumb\",\"itemListElement\":[{\"@type\":\"ListItem\",\"position\":1,\"name\":\"Hjem\",\"item\":\"https:\\\/\\\/dwojak-biocleaning.webserver2.dk\\\/en\\\/\"},{\"@type\":\"ListItem\",\"position\":2,\"name\":\"Cleaning for commercial customers\"}]},{\"@type\":\"WebSite\",\"@id\":\"https:\\\/\\\/dwojak-biocleaning.webserver2.dk\\\/en\\\/#website\",\"url\":\"https:\\\/\\\/dwojak-biocleaning.webserver2.dk\\\/en\\\/\",\"name\":\"Dwojak Bio-Cleaning\",\"description\":\"Dwojak Bio-Cleaning tilbyder vinduespudsning, h\u00e5ndv\u00e6rkerreng\u00f8ring og reng\u00f8ring\",\"publisher\":{\"@id\":\"https:\\\/\\\/dwojak-biocleaning.webserver2.dk\\\/en\\\/#organization\"},\"potentialAction\":[{\"@type\":\"SearchAction\",\"target\":{\"@type\":\"EntryPoint\",\"urlTemplate\":\"https:\\\/\\\/dwojak-biocleaning.webserver2.dk\\\/en\\\/?s={search_term_string}\"},\"query-input\":{\"@type\":\"PropertyValueSpecification\",\"valueRequired\":true,\"valueName\":\"search_term_string\"}}],\"inLanguage\":\"en-US\"},{\"@type\":\"Organization\",\"@id\":\"https:\\\/\\\/dwojak-biocleaning.webserver2.dk\\\/en\\\/#organization\",\"name\":\"Dwojak Bio-Cleaning\",\"url\":\"https:\\\/\\\/dwojak-biocleaning.webserver2.dk\\\/en\\\/\",\"logo\":{\"@type\":\"ImageObject\",\"inLanguage\":\"en-US\",\"@id\":\"https:\\\/\\\/dwojak-biocleaning.webserver2.dk\\\/en\\\/#\\\/schema\\\/logo\\\/image\\\/\",\"url\":\"https:\\\/\\\/dwojak-biocleaning.webserver2.dk\\\/wp-content\\\/uploads\\\/2023\\\/05\\\/logo.svg\",\"contentUrl\":\"https:\\\/\\\/dwojak-biocleaning.webserver2.dk\\\/wp-content\\\/uploads\\\/2023\\\/05\\\/logo.svg\",\"width\":1101,\"height\":871,\"caption\":\"Dwojak Bio-Cleaning\"},\"image\":{\"@id\":\"https:\\\/\\\/dwojak-biocleaning.webserver2.dk\\\/en\\\/#\\\/schema\\\/logo\\\/image\\\/\"}}]}<\/script>\n<!-- \/ Yoast SEO plugin. -->","yoast_head_json":{"title":"Commercial cleaning Copenhagen &#183; Great experience Dwojak Bio-Cleaning","description":"Looking for commercial cleaning in Copenhagen. We clean everything from industrial kitchens to offices. Contact us - we'll find the right solution for you.","robots":{"index":"noindex","follow":"follow","max-snippet":"max-snippet:-1","max-image-preview":"max-image-preview:large","max-video-preview":"max-video-preview:-1"},"og_locale":"en_US","og_type":"article","og_title":"Commercial cleaning Copenhagen &#183; Great experience Dwojak Bio-Cleaning","og_description":"Looking for commercial cleaning in Copenhagen. We clean everything from industrial kitchens to offices. Contact us - we'll find the right solution for you.","og_url":"https:\/\/dwojak-biocleaning.webserver2.dk\/en\/cleaning-for-commercial-customers\/","og_site_name":"Dwojak Bio-Cleaning","article_modified_time":"2023-06-23T12:08:09+00:00","twitter_card":"summary_large_image","twitter_misc":{"Est. reading time":"2 minutes"},"schema":{"@context":"https:\/\/schema.org","@graph":[{"@type":"WebPage","@id":"https:\/\/dwojak-biocleaning.webserver2.dk\/en\/cleaning-for-commercial-customers\/","url":"https:\/\/dwojak-biocleaning.webserver2.dk\/en\/cleaning-for-commercial-customers\/","name":"Commercial cleaning Copenhagen &#183; Great experience Dwojak Bio-Cleaning","isPartOf":{"@id":"https:\/\/dwojak-biocleaning.webserver2.dk\/en\/#website"},"datePublished":"2022-12-06T09:19:08+00:00","dateModified":"2023-06-23T12:08:09+00:00","description":"Looking for commercial cleaning in Copenhagen. We clean everything from industrial kitchens to offices. Contact us - we'll find the right solution for you.","breadcrumb":{"@id":"https:\/\/dwojak-biocleaning.webserver2.dk\/en\/cleaning-for-commercial-customers\/#breadcrumb"},"inLanguage":"en-US","potentialAction":[{"@type":"ReadAction","target":["https:\/\/dwojak-biocleaning.webserver2.dk\/en\/cleaning-for-commercial-customers\/"]}]},{"@type":"BreadcrumbList","@id":"https:\/\/dwojak-biocleaning.webserver2.dk\/en\/cleaning-for-commercial-customers\/#breadcrumb","itemListElement":[{"@type":"ListItem","position":1,"name":"Hjem","item":"https:\/\/dwojak-biocleaning.webserver2.dk\/en\/"},{"@type":"ListItem","position":2,"name":"Cleaning for commercial customers"}]},{"@type":"WebSite","@id":"https:\/\/dwojak-biocleaning.webserver2.dk\/en\/#website","url":"https:\/\/dwojak-biocleaning.webserver2.dk\/en\/","name":"Dwojak Bio-Cleaning","description":"Dwojak Bio-Cleaning tilbyder vinduespudsning, h\u00e5ndv\u00e6rkerreng\u00f8ring og reng\u00f8ring","publisher":{"@id":"https:\/\/dwojak-biocleaning.webserver2.dk\/en\/#organization"},"potentialAction":[{"@type":"SearchAction","target":{"@type":"EntryPoint","urlTemplate":"https:\/\/dwojak-biocleaning.webserver2.dk\/en\/?s={search_term_string}"},"query-input":{"@type":"PropertyValueSpecification","valueRequired":true,"valueName":"search_term_string"}}],"inLanguage":"en-US"},{"@type":"Organization","@id":"https:\/\/dwojak-biocleaning.webserver2.dk\/en\/#organization","name":"Dwojak Bio-Cleaning","url":"https:\/\/dwojak-biocleaning.webserver2.dk\/en\/","logo":{"@type":"ImageObject","inLanguage":"en-US","@id":"https:\/\/dwojak-biocleaning.webserver2.dk\/en\/#\/schema\/logo\/image\/","url":"https:\/\/dwojak-biocleaning.webserver2.dk\/wp-content\/uploads\/2023\/05\/logo.svg","contentUrl":"https:\/\/dwojak-biocleaning.webserver2.dk\/wp-content\/uploads\/2023\/05\/logo.svg","width":1101,"height":871,"caption":"Dwojak Bio-Cleaning"},"image":{"@id":"https:\/\/dwojak-biocleaning.webserver2.dk\/en\/#\/schema\/logo\/image\/"}}]}},"_links":{"self":[{"href":"https:\/\/dwojak-biocleaning.webserver2.dk\/en\/wp-json\/wp\/v2\/pages\/3677","targetHints":{"allow":["GET"]}}],"collection":[{"href":"https:\/\/dwojak-biocleaning.webserver2.dk\/en\/wp-json\/wp\/v2\/pages"}],"about":[{"href":"https:\/\/dwojak-biocleaning.webserver2.dk\/en\/wp-json\/wp\/v2\/types\/page"}],"author":[{"embeddable":true,"href":"https:\/\/dwojak-biocleaning.webserver2.dk\/en\/wp-json\/wp\/v2\/users\/1"}],"replies":[{"embeddable":true,"href":"https:\/\/dwojak-biocleaning.webserver2.dk\/en\/wp-json\/wp\/v2\/comments?post=3677"}],"version-history":[{"count":3,"href":"https:\/\/dwojak-biocleaning.webserver2.dk\/en\/wp-json\/wp\/v2\/pages\/3677\/revisions"}],"predecessor-version":[{"id":3709,"href":"https:\/\/dwojak-biocleaning.webserver2.dk\/en\/wp-json\/wp\/v2\/pages\/3677\/revisions\/3709"}],"wp:attachment":[{"href":"https:\/\/dwojak-biocleaning.webserver2.dk\/en\/wp-json\/wp\/v2\/media?parent=3677"}],"wp:term":[{"taxonomy":"category","embeddable":true,"href":"https:\/\/dwojak-biocleaning.webserver2.dk\/en\/wp-json\/wp\/v2\/categories?post=3677"}],"curies":[{"name":"wp","href":"https:\/\/api.w.org\/{rel}","templated":true}]}}