{"id":3693,"date":"2022-12-06T10:19:09","date_gmt":"2022-12-06T09:19:09","guid":{"rendered":"https:\/\/dwojak-biocleaning.dk\/our-values\/"},"modified":"2023-06-23T14:04:52","modified_gmt":"2023-06-23T12:04:52","slug":"our-values","status":"publish","type":"page","link":"https:\/\/dwojak-biocleaning.webserver2.dk\/en\/our-values\/","title":{"rendered":"Our values"},"content":{"rendered":"<section class=\"wpb-content-wrapper\"><p>[vc_row full_width=&#8221;stretch_row&#8221;][vc_column]<div class=\"ult-spacer spacer-6a06e6d36b980\" data-id=\"6a06e6d36b980\" data-height=\"90\" data-height-mobile=\"60\" data-height-tab=\"90\" data-height-tab-portrait=\"60\" data-height-mobile-landscape=\"60\" style=\"clear:both;display:block;\"><\/div>[vc_column_text]<\/p>\n<h1>Green cleaning &#8211; Our values<\/h1>\n<p>[\/vc_column_text][vc_empty_space height=&#8221;15px&#8221;][vc_separator][vc_empty_space height=&#8221;15px&#8221;][vc_row_inner][vc_column_inner width=&#8221;1\/2&#8243;][vc_column_text]Looking for green cleaning in Copenhagen? Then you&#8217;ve come to the right place. By choosing a company that uses biodegradable cleaning products and product packaging that either has a high recycling rate, is made from recycled materials or is fully biodegradable, you automatically lend a hand when it comes to protecting the environment and taking care of our planet so that you, me and our descendants can continue to enjoy our amazing planet as it is today.<\/p>\n<p>&nbsp;<\/p>\n<h3>Benefits of green cleaning<\/h3>\n<p>When it comes to bio-friendly products, it&#8217;s not just about the environment, it&#8217;s about you. Products created based on biodegradable molecules not only protect the environment from pollution, but also your body and well-being. By using bio-friendly products, you protect your family, business partners, colleagues, customers, pets and others in your indoor space from using more chemical products that often cause symptoms such as headaches, dry skin, rashes and allergies.<\/p>\n<p>&nbsp;<\/p>\n<h3>Focus on health<\/h3>\n<p>If good health is a big focus for you, then you should definitely choose a bio-friendly cleaning source. There is a huge amount of data on Google on this very topic, if you want to educate yourself on the subject, it&#8217;s easy to find information on whether general cleaning products are harmful to us and what you can do to improve your cleaning conditions.[\/vc_column_text]<div class=\"ult-spacer spacer-6a06e6d36b9cc\" data-id=\"6a06e6d36b9cc\" data-height=\"0\" data-height-mobile=\"15\" data-height-tab=\"0\" data-height-tab-portrait=\"0\" data-height-mobile-landscape=\"15\" style=\"clear:both;display:block;\"><\/div>[\/vc_column_inner][vc_column_inner width=&#8221;1\/2&#8243;][vc_column_text]<\/p>\n<h3>Our journey<\/h3>\n<p>On our journey through the world of cleaning, we have so far learned how important it is that we direct our focus at Dwojak Bio-Cleaning towards making our cleaning products healthy for us who work with them, you as customers who live and work in them and our gentle environment we all have to take care of together.<\/p>\n<p>That&#8217;s why the management team has decided to offer benefits to those of our partners, customers and employees who join us on our journey towards a cleaning universe of products without harmful characters for all of us.<\/p>\n<p>&nbsp;<\/p>\n<h3>Contact us about green cleaning<\/h3>\n<p>Want to learn more about our green cleaning work or want to hear more about our different services? You can always call us on <a href=\"tel:91855809\">91 85 <\/a><a href=\"tel:91855809\">58 09<\/a> or send us an email at <a href=\"mailto:Dwojakcleaning@outlook.dk\">Dwojakcleaning@outlook.dk<\/a>. You are also welcome to fill out our contact form <a href=\"https:\/\/dwojak-biocleaning.dk\/en\/contact\/\">here<\/a>.[\/vc_column_text][\/vc_column_inner][\/vc_row_inner]<div class=\"ult-spacer spacer-6a06e6d36b9f4\" data-id=\"6a06e6d36b9f4\" data-height=\"90\" data-height-mobile=\"60\" data-height-tab=\"90\" data-height-tab-portrait=\"60\" data-height-mobile-landscape=\"60\" style=\"clear:both;display:block;\"><\/div>[\/vc_column][\/vc_row][vc_row full_width=&#8221;stretch_row&#8221; el_class=&#8221;overlay white cta parallax&#8221; css=&#8221;.vc_custom_1683791931224{background-image: url(https:\/\/dwojak-biocleaning.dk\/wp-content\/uploads\/2023\/05\/istock-1308051053.jpg?id=3508) !important;background-position: center !important;background-repeat: no-repeat !important;background-size: cover !important;}&#8221;][vc_column]<div class=\"ult-spacer spacer-6a06e6d36ba15\" data-id=\"6a06e6d36ba15\" data-height=\"90\" data-height-mobile=\"60\" data-height-tab=\"90\" data-height-tab-portrait=\"60\" data-height-mobile-landscape=\"60\" style=\"clear:both;display:block;\"><\/div>[vc_row_inner][vc_column_inner width=&#8221;5\/6&#8243; offset=&#8221;vc_col-lg-6 vc_col-md-8 vc_col-xs-12&#8243;][vc_column_text]<\/p>\n<h3>Do you have any questions?<\/h3>\n<p>We&#8217;re here to answer any questions you may have that aren&#8217;t answered on this website. So don&#8217;t hesitate to call or write to us. We&#8217;re happy to have a no-obligation chat with you about your plans.[\/vc_column_text][vc_empty_space height=&#8221;30px&#8221;][vc_raw_html]JTVCZm9ybWluYXRvcl9mb3JtJTIwaWQlM0QlMjIzNzAyJTIyJTVE[\/vc_raw_html][\/vc_column_inner][vc_column_inner width=&#8221;1\/6&#8243; offset=&#8221;vc_col-lg-6 vc_col-md-4 vc_col-xs-12&#8243;][\/vc_column_inner][\/vc_row_inner]<div class=\"ult-spacer spacer-6a06e6d36ba34\" data-id=\"6a06e6d36ba34\" data-height=\"90\" data-height-mobile=\"60\" data-height-tab=\"90\" data-height-tab-portrait=\"60\" data-height-mobile-landscape=\"60\" style=\"clear:both;display:block;\"><\/div>[\/vc_column][\/vc_row]<\/p>\n<\/section>","protected":false},"excerpt":{"rendered":"<p>[vc_row full_width=&#8221;stretch_row&#8221;][vc_column][vc_column_text] Green cleaning &#8211; Our values [\/vc_column_text][vc_empty_space height=&#8221;15px&#8221;][vc_separator][vc_empty_space height=&#8221;15px&#8221;][vc_row_inner][vc_column_inner width=&#8221;1\/2&#8243;][vc_column_text]Looking for green cleaning in Copenhagen? Then you&#8217;ve come to the right place. By choosing a company that uses biodegradable cleaning products and product packaging that either has a high recycling rate, is made from recycled materials or is fully biodegradable, you automatically lend a &#8230; <a title=\"Our values\" class=\"read-more\" href=\"https:\/\/dwojak-biocleaning.webserver2.dk\/en\/our-values\/\" aria-label=\"More on Our values\">Read more<\/a><\/p>\n","protected":false},"author":1,"featured_media":0,"parent":0,"menu_order":5,"comment_status":"closed","ping_status":"closed","template":"","meta":{"footnotes":""},"categories":[],"class_list":["post-3693","page","type-page","status-publish"],"yoast_head":"<!-- This site is optimized with the Yoast SEO plugin v27.4 - https:\/\/yoast.com\/product\/yoast-seo-wordpress\/ -->\n<title>Green cleaning Copenhagen &#183; Dwojak Bio-Cleaning %<\/title>\n<meta name=\"description\" content=\"Need green cleaning? Dwojak Bio-Cleaning offers eco-friendly cleaning for private and business customers. Read more about our values and call today.\" \/>\n<meta name=\"robots\" content=\"noindex, follow, max-snippet:-1, max-image-preview:large, max-video-preview:-1\" \/>\n<meta property=\"og:locale\" content=\"en_US\" \/>\n<meta property=\"og:type\" content=\"article\" \/>\n<meta property=\"og:title\" content=\"Green cleaning Copenhagen &#183; Dwojak Bio-Cleaning %\" \/>\n<meta property=\"og:description\" content=\"Need green cleaning? Dwojak Bio-Cleaning offers eco-friendly cleaning for private and business customers. Read more about our values and call today.\" \/>\n<meta property=\"og:url\" content=\"https:\/\/dwojak-biocleaning.webserver2.dk\/en\/our-values\/\" \/>\n<meta property=\"og:site_name\" content=\"Dwojak Bio-Cleaning\" \/>\n<meta property=\"article:modified_time\" content=\"2023-06-23T12:04:52+00:00\" \/>\n<meta name=\"twitter:card\" content=\"summary_large_image\" \/>\n<meta name=\"twitter:label1\" content=\"Est. reading time\" \/>\n\t<meta name=\"twitter:data1\" content=\"3 minutes\" \/>\n<script type=\"application\/ld+json\" class=\"yoast-schema-graph\">{\"@context\":\"https:\\\/\\\/schema.org\",\"@graph\":[{\"@type\":\"WebPage\",\"@id\":\"https:\\\/\\\/dwojak-biocleaning.webserver2.dk\\\/en\\\/our-values\\\/\",\"url\":\"https:\\\/\\\/dwojak-biocleaning.webserver2.dk\\\/en\\\/our-values\\\/\",\"name\":\"Green cleaning Copenhagen &#183; Dwojak Bio-Cleaning %\",\"isPartOf\":{\"@id\":\"https:\\\/\\\/dwojak-biocleaning.webserver2.dk\\\/en\\\/#website\"},\"datePublished\":\"2022-12-06T09:19:09+00:00\",\"dateModified\":\"2023-06-23T12:04:52+00:00\",\"description\":\"Need green cleaning? Dwojak Bio-Cleaning offers eco-friendly cleaning for private and business customers. Read more about our values and call today.\",\"breadcrumb\":{\"@id\":\"https:\\\/\\\/dwojak-biocleaning.webserver2.dk\\\/en\\\/our-values\\\/#breadcrumb\"},\"inLanguage\":\"en-US\",\"potentialAction\":[{\"@type\":\"ReadAction\",\"target\":[\"https:\\\/\\\/dwojak-biocleaning.webserver2.dk\\\/en\\\/our-values\\\/\"]}]},{\"@type\":\"BreadcrumbList\",\"@id\":\"https:\\\/\\\/dwojak-biocleaning.webserver2.dk\\\/en\\\/our-values\\\/#breadcrumb\",\"itemListElement\":[{\"@type\":\"ListItem\",\"position\":1,\"name\":\"Hjem\",\"item\":\"https:\\\/\\\/dwojak-biocleaning.webserver2.dk\\\/en\\\/\"},{\"@type\":\"ListItem\",\"position\":2,\"name\":\"Our values\"}]},{\"@type\":\"WebSite\",\"@id\":\"https:\\\/\\\/dwojak-biocleaning.webserver2.dk\\\/en\\\/#website\",\"url\":\"https:\\\/\\\/dwojak-biocleaning.webserver2.dk\\\/en\\\/\",\"name\":\"Dwojak Bio-Cleaning\",\"description\":\"Dwojak Bio-Cleaning tilbyder vinduespudsning, h\u00e5ndv\u00e6rkerreng\u00f8ring og reng\u00f8ring\",\"publisher\":{\"@id\":\"https:\\\/\\\/dwojak-biocleaning.webserver2.dk\\\/en\\\/#organization\"},\"potentialAction\":[{\"@type\":\"SearchAction\",\"target\":{\"@type\":\"EntryPoint\",\"urlTemplate\":\"https:\\\/\\\/dwojak-biocleaning.webserver2.dk\\\/en\\\/?s={search_term_string}\"},\"query-input\":{\"@type\":\"PropertyValueSpecification\",\"valueRequired\":true,\"valueName\":\"search_term_string\"}}],\"inLanguage\":\"en-US\"},{\"@type\":\"Organization\",\"@id\":\"https:\\\/\\\/dwojak-biocleaning.webserver2.dk\\\/en\\\/#organization\",\"name\":\"Dwojak Bio-Cleaning\",\"url\":\"https:\\\/\\\/dwojak-biocleaning.webserver2.dk\\\/en\\\/\",\"logo\":{\"@type\":\"ImageObject\",\"inLanguage\":\"en-US\",\"@id\":\"https:\\\/\\\/dwojak-biocleaning.webserver2.dk\\\/en\\\/#\\\/schema\\\/logo\\\/image\\\/\",\"url\":\"https:\\\/\\\/dwojak-biocleaning.webserver2.dk\\\/wp-content\\\/uploads\\\/2023\\\/05\\\/logo.svg\",\"contentUrl\":\"https:\\\/\\\/dwojak-biocleaning.webserver2.dk\\\/wp-content\\\/uploads\\\/2023\\\/05\\\/logo.svg\",\"width\":1101,\"height\":871,\"caption\":\"Dwojak Bio-Cleaning\"},\"image\":{\"@id\":\"https:\\\/\\\/dwojak-biocleaning.webserver2.dk\\\/en\\\/#\\\/schema\\\/logo\\\/image\\\/\"}}]}<\/script>\n<!-- \/ Yoast SEO plugin. -->","yoast_head_json":{"title":"Green cleaning Copenhagen &#183; Dwojak Bio-Cleaning %","description":"Need green cleaning? Dwojak Bio-Cleaning offers eco-friendly cleaning for private and business customers. Read more about our values and call today.","robots":{"index":"noindex","follow":"follow","max-snippet":"max-snippet:-1","max-image-preview":"max-image-preview:large","max-video-preview":"max-video-preview:-1"},"og_locale":"en_US","og_type":"article","og_title":"Green cleaning Copenhagen &#183; Dwojak Bio-Cleaning %","og_description":"Need green cleaning? Dwojak Bio-Cleaning offers eco-friendly cleaning for private and business customers. Read more about our values and call today.","og_url":"https:\/\/dwojak-biocleaning.webserver2.dk\/en\/our-values\/","og_site_name":"Dwojak Bio-Cleaning","article_modified_time":"2023-06-23T12:04:52+00:00","twitter_card":"summary_large_image","twitter_misc":{"Est. reading time":"3 minutes"},"schema":{"@context":"https:\/\/schema.org","@graph":[{"@type":"WebPage","@id":"https:\/\/dwojak-biocleaning.webserver2.dk\/en\/our-values\/","url":"https:\/\/dwojak-biocleaning.webserver2.dk\/en\/our-values\/","name":"Green cleaning Copenhagen &#183; Dwojak Bio-Cleaning %","isPartOf":{"@id":"https:\/\/dwojak-biocleaning.webserver2.dk\/en\/#website"},"datePublished":"2022-12-06T09:19:09+00:00","dateModified":"2023-06-23T12:04:52+00:00","description":"Need green cleaning? Dwojak Bio-Cleaning offers eco-friendly cleaning for private and business customers. Read more about our values and call today.","breadcrumb":{"@id":"https:\/\/dwojak-biocleaning.webserver2.dk\/en\/our-values\/#breadcrumb"},"inLanguage":"en-US","potentialAction":[{"@type":"ReadAction","target":["https:\/\/dwojak-biocleaning.webserver2.dk\/en\/our-values\/"]}]},{"@type":"BreadcrumbList","@id":"https:\/\/dwojak-biocleaning.webserver2.dk\/en\/our-values\/#breadcrumb","itemListElement":[{"@type":"ListItem","position":1,"name":"Hjem","item":"https:\/\/dwojak-biocleaning.webserver2.dk\/en\/"},{"@type":"ListItem","position":2,"name":"Our values"}]},{"@type":"WebSite","@id":"https:\/\/dwojak-biocleaning.webserver2.dk\/en\/#website","url":"https:\/\/dwojak-biocleaning.webserver2.dk\/en\/","name":"Dwojak Bio-Cleaning","description":"Dwojak Bio-Cleaning tilbyder vinduespudsning, h\u00e5ndv\u00e6rkerreng\u00f8ring og reng\u00f8ring","publisher":{"@id":"https:\/\/dwojak-biocleaning.webserver2.dk\/en\/#organization"},"potentialAction":[{"@type":"SearchAction","target":{"@type":"EntryPoint","urlTemplate":"https:\/\/dwojak-biocleaning.webserver2.dk\/en\/?s={search_term_string}"},"query-input":{"@type":"PropertyValueSpecification","valueRequired":true,"valueName":"search_term_string"}}],"inLanguage":"en-US"},{"@type":"Organization","@id":"https:\/\/dwojak-biocleaning.webserver2.dk\/en\/#organization","name":"Dwojak Bio-Cleaning","url":"https:\/\/dwojak-biocleaning.webserver2.dk\/en\/","logo":{"@type":"ImageObject","inLanguage":"en-US","@id":"https:\/\/dwojak-biocleaning.webserver2.dk\/en\/#\/schema\/logo\/image\/","url":"https:\/\/dwojak-biocleaning.webserver2.dk\/wp-content\/uploads\/2023\/05\/logo.svg","contentUrl":"https:\/\/dwojak-biocleaning.webserver2.dk\/wp-content\/uploads\/2023\/05\/logo.svg","width":1101,"height":871,"caption":"Dwojak Bio-Cleaning"},"image":{"@id":"https:\/\/dwojak-biocleaning.webserver2.dk\/en\/#\/schema\/logo\/image\/"}}]}},"_links":{"self":[{"href":"https:\/\/dwojak-biocleaning.webserver2.dk\/en\/wp-json\/wp\/v2\/pages\/3693","targetHints":{"allow":["GET"]}}],"collection":[{"href":"https:\/\/dwojak-biocleaning.webserver2.dk\/en\/wp-json\/wp\/v2\/pages"}],"about":[{"href":"https:\/\/dwojak-biocleaning.webserver2.dk\/en\/wp-json\/wp\/v2\/types\/page"}],"author":[{"embeddable":true,"href":"https:\/\/dwojak-biocleaning.webserver2.dk\/en\/wp-json\/wp\/v2\/users\/1"}],"replies":[{"embeddable":true,"href":"https:\/\/dwojak-biocleaning.webserver2.dk\/en\/wp-json\/wp\/v2\/comments?post=3693"}],"version-history":[{"count":3,"href":"https:\/\/dwojak-biocleaning.webserver2.dk\/en\/wp-json\/wp\/v2\/pages\/3693\/revisions"}],"predecessor-version":[{"id":3705,"href":"https:\/\/dwojak-biocleaning.webserver2.dk\/en\/wp-json\/wp\/v2\/pages\/3693\/revisions\/3705"}],"wp:attachment":[{"href":"https:\/\/dwojak-biocleaning.webserver2.dk\/en\/wp-json\/wp\/v2\/media?parent=3693"}],"wp:term":[{"taxonomy":"category","embeddable":true,"href":"https:\/\/dwojak-biocleaning.webserver2.dk\/en\/wp-json\/wp\/v2\/categories?post=3693"}],"curies":[{"name":"wp","href":"https:\/\/api.w.org\/{rel}","templated":true}]}}